{"id":1525,"date":"2025-11-05T16:14:17","date_gmt":"2025-11-05T15:14:17","guid":{"rendered":"https:\/\/simbiotiqa.com\/publicacions\/"},"modified":"2026-01-14T12:25:37","modified_gmt":"2026-01-14T11:25:37","slug":"publications","status":"publish","type":"page","link":"https:\/\/simbiotiqa.com\/en\/publications\/","title":{"rendered":"Publications"},"content":{"rendered":"<style>.kb-row-layout-id1525_f13294-d4 > .kt-row-column-wrap{align-content:start;}:where(.kb-row-layout-id1525_f13294-d4 > .kt-row-column-wrap) > .wp-block-kadence-column{justify-content:start;}.kb-row-layout-id1525_f13294-d4 > .kt-row-column-wrap{column-gap:60px;row-gap:20px;padding-top:61px;padding-bottom:0px;grid-template-columns:minmax(0, 1fr);}.kb-row-layout-id1525_f13294-d4{border-bottom:0px solid #000000;}.kb-row-layout-id1525_f13294-d4 > .kt-row-layout-overlay{opacity:0.30;}@media all and (max-width: 1024px){.kb-row-layout-id1525_f13294-d4 > .kt-row-column-wrap{grid-template-columns:minmax(0, 1fr);}}@media all and (max-width: 1024px){.kb-row-layout-id1525_f13294-d4{border-bottom:0px solid #000000;}}@media all and (max-width: 767px){.kb-row-layout-id1525_f13294-d4 > .kt-row-column-wrap{row-gap:0px;padding-top:50px;grid-template-columns:minmax(0, 1fr);}.kb-row-layout-id1525_f13294-d4{border-bottom:0px solid #000000;}}<\/style><div class=\"kb-row-layout-wrap kb-row-layout-id1525_f13294-d4 alignnone fila--header--subhome wp-block-kadence-rowlayout\"><div class=\"kt-row-column-wrap kt-has-2-columns kt-row-layout-row kt-tab-layout-inherit kt-mobile-layout-row kt-row-valign-top\">\n<style>.kadence-column1525_03139f-92 > .kt-inside-inner-col,.kadence-column1525_03139f-92 > .kt-inside-inner-col:before{border-top-left-radius:0px;border-top-right-radius:0px;border-bottom-right-radius:0px;border-bottom-left-radius:0px;}.kadence-column1525_03139f-92 > .kt-inside-inner-col{column-gap:var(--global-kb-gap-sm, 1rem);}.kadence-column1525_03139f-92 > .kt-inside-inner-col{flex-direction:column;}.kadence-column1525_03139f-92 > .kt-inside-inner-col > .aligncenter{width:100%;}.kadence-column1525_03139f-92 > .kt-inside-inner-col:before{opacity:0.3;}.kadence-column1525_03139f-92{position:relative;}@media all and (max-width: 1024px){.kadence-column1525_03139f-92 > .kt-inside-inner-col{padding-left:0px;flex-direction:column;justify-content:center;}}@media all and (max-width: 767px){.kadence-column1525_03139f-92 > .kt-inside-inner-col{padding-left:0px;flex-direction:column;justify-content:center;}}<\/style>\n<div class=\"wp-block-kadence-column kadence-column1525_03139f-92\"><div class=\"kt-inside-inner-col\"><style>.kb-row-layout-wrap.wp-block-kadence-rowlayout.kb-row-layout-id1525_cbd924-de{margin-top:0px;margin-bottom:0px;}.kb-row-layout-id1525_cbd924-de > .kt-row-column-wrap{align-content:start;}:where(.kb-row-layout-id1525_cbd924-de > .kt-row-column-wrap) > .wp-block-kadence-column{justify-content:start;}.kb-row-layout-id1525_cbd924-de > .kt-row-column-wrap{column-gap:var(--global-kb-gap-md, 2rem);row-gap:var(--global-kb-gap-md, 2rem);padding-top:0px;padding-bottom:0px;grid-template-columns:minmax(0, 1fr);}.kb-row-layout-id1525_cbd924-de > .kt-row-layout-overlay{opacity:0.30;}@media all and (max-width: 1024px){.kb-row-layout-id1525_cbd924-de > .kt-row-column-wrap{grid-template-columns:minmax(0, 1fr);}}@media all and (max-width: 767px){.kb-row-layout-id1525_cbd924-de > .kt-row-column-wrap{grid-template-columns:minmax(0, 1fr);}}<\/style><div class=\"kb-row-layout-wrap kb-row-layout-id1525_cbd924-de alignnone breadcrumb wp-block-kadence-rowlayout\"><div class=\"kt-row-column-wrap kt-has-1-columns kt-row-layout-equal kt-tab-layout-inherit kt-mobile-layout-row kt-row-valign-top\">\n<style>.kadence-column1525_19a036-43 > .kt-inside-inner-col{padding-top:0px;padding-bottom:0px;}.kadence-column1525_19a036-43 > .kt-inside-inner-col,.kadence-column1525_19a036-43 > .kt-inside-inner-col:before{border-top-left-radius:0px;border-top-right-radius:0px;border-bottom-right-radius:0px;border-bottom-left-radius:0px;}.kadence-column1525_19a036-43 > .kt-inside-inner-col{column-gap:var(--global-kb-gap-sm, 1rem);}.kadence-column1525_19a036-43 > .kt-inside-inner-col{flex-direction:column;}.kadence-column1525_19a036-43 > .kt-inside-inner-col > .aligncenter{width:100%;}.kadence-column1525_19a036-43 > .kt-inside-inner-col:before{opacity:0.3;}.kadence-column1525_19a036-43{position:relative;}.kadence-column1525_19a036-43, .kt-inside-inner-col > .kadence-column1525_19a036-43:not(.specificity){margin-top:0px;margin-bottom:0px;}@media all and (max-width: 1024px){.kadence-column1525_19a036-43 > .kt-inside-inner-col{flex-direction:column;justify-content:center;}}@media all and (max-width: 767px){.kadence-column1525_19a036-43 > .kt-inside-inner-col{flex-direction:column;justify-content:center;}}<\/style>\n<div class=\"wp-block-kadence-column kadence-column1525_19a036-43\"><div class=\"kt-inside-inner-col\">\n<p>Academia \/<\/p>\n<\/div><\/div>\n\n<\/div><\/div><\/div><\/div>\n\n\n<style>.kadence-column1525_11274f-fc > .kt-inside-inner-col,.kadence-column1525_11274f-fc > .kt-inside-inner-col:before{border-top-left-radius:0px;border-top-right-radius:0px;border-bottom-right-radius:0px;border-bottom-left-radius:0px;}.kadence-column1525_11274f-fc > .kt-inside-inner-col{column-gap:var(--global-kb-gap-sm, 1rem);}.kadence-column1525_11274f-fc > .kt-inside-inner-col{flex-direction:column;}.kadence-column1525_11274f-fc > .kt-inside-inner-col > .aligncenter{width:100%;}.kadence-column1525_11274f-fc > .kt-inside-inner-col:before{opacity:0.3;}.kadence-column1525_11274f-fc{position:relative;}@media all and (max-width: 1024px){.kadence-column1525_11274f-fc > .kt-inside-inner-col{flex-direction:column;justify-content:center;}}@media all and (max-width: 767px){.kadence-column1525_11274f-fc > .kt-inside-inner-col{flex-direction:column;justify-content:center;}}<\/style>\n<div class=\"wp-block-kadence-column kadence-column1525_11274f-fc\"><div class=\"kt-inside-inner-col\"><style>.kb-row-layout-wrap.wp-block-kadence-rowlayout.kb-row-layout-id1525_2099e6-4c{margin-top:0px;margin-bottom:0px;}.kb-row-layout-id1525_2099e6-4c > .kt-row-column-wrap{align-content:start;}:where(.kb-row-layout-id1525_2099e6-4c > .kt-row-column-wrap) > .wp-block-kadence-column{justify-content:start;}.kb-row-layout-id1525_2099e6-4c > .kt-row-column-wrap{column-gap:60px;row-gap:var(--global-kb-gap-md, 2rem);padding-top:0px;padding-bottom:0px;grid-template-columns:minmax(0, calc(25% - ((60px * 1 )\/2)))minmax(0, calc(75% - ((60px * 1 )\/2)));}.kb-row-layout-id1525_2099e6-4c{border-bottom:0px solid #000000;}.kb-row-layout-id1525_2099e6-4c > .kt-row-layout-overlay{opacity:0.30;}@media all and (max-width: 1024px){.kb-row-layout-id1525_2099e6-4c > .kt-row-column-wrap{grid-template-columns:minmax(0, 1fr);}}@media all and (max-width: 1024px){.kb-row-layout-id1525_2099e6-4c{border-bottom:0px solid #000000;}}@media all and (max-width: 767px){.kb-row-layout-id1525_2099e6-4c > .kt-row-column-wrap{row-gap:30px;padding-top:10px;grid-template-columns:minmax(0, 1fr);}.kb-row-layout-id1525_2099e6-4c{border-bottom:0px solid #000000;}}<\/style><div class=\"kb-row-layout-wrap kb-row-layout-id1525_2099e6-4c alignnone fila--estudi wp-block-kadence-rowlayout\"><div class=\"kt-row-column-wrap kt-has-2-columns kt-row-layout-equal kt-tab-layout-row kt-mobile-layout-row kt-row-valign-top\">\n<style>.kadence-column1525_e3e0b5-ec > .kt-inside-inner-col,.kadence-column1525_e3e0b5-ec > .kt-inside-inner-col:before{border-top-left-radius:0px;border-top-right-radius:0px;border-bottom-right-radius:0px;border-bottom-left-radius:0px;}.kadence-column1525_e3e0b5-ec > .kt-inside-inner-col{column-gap:var(--global-kb-gap-sm, 1rem);}.kadence-column1525_e3e0b5-ec > .kt-inside-inner-col{flex-direction:column;}.kadence-column1525_e3e0b5-ec > .kt-inside-inner-col > .aligncenter{width:100%;}.kadence-column1525_e3e0b5-ec > .kt-inside-inner-col:before{opacity:0.3;}.kadence-column1525_e3e0b5-ec{position:relative;}@media all and (max-width: 1024px){.kadence-column1525_e3e0b5-ec > .kt-inside-inner-col{padding-left:0px;flex-direction:column;justify-content:center;}}@media all and (max-width: 767px){.kadence-column1525_e3e0b5-ec > .kt-inside-inner-col{padding-left:0px;flex-direction:column;justify-content:center;}}<\/style>\n<div class=\"wp-block-kadence-column kadence-column1525_e3e0b5-ec\"><div class=\"kt-inside-inner-col\"><style>.wp-block-kadence-advancedheading.kt-adv-heading1525_e236d4-73, .wp-block-kadence-advancedheading.kt-adv-heading1525_e236d4-73[data-kb-block=\"kb-adv-heading1525_e236d4-73\"]{font-style:normal;}.wp-block-kadence-advancedheading.kt-adv-heading1525_e236d4-73 mark.kt-highlight, .wp-block-kadence-advancedheading.kt-adv-heading1525_e236d4-73[data-kb-block=\"kb-adv-heading1525_e236d4-73\"] mark.kt-highlight{font-style:normal;color:#f76a0c;-webkit-box-decoration-break:clone;box-decoration-break:clone;padding-top:0px;padding-right:0px;padding-bottom:0px;padding-left:0px;}.wp-block-kadence-advancedheading.kt-adv-heading1525_e236d4-73 img.kb-inline-image, .wp-block-kadence-advancedheading.kt-adv-heading1525_e236d4-73[data-kb-block=\"kb-adv-heading1525_e236d4-73\"] img.kb-inline-image{width:150px;vertical-align:baseline;}<\/style>\n<h1 class=\"kt-adv-heading1525_e236d4-73 h2 wp-block-kadence-advancedheading\" data-kb-block=\"kb-adv-heading1525_e236d4-73\"><strong>Publications<\/strong><\/h1>\n<\/div><\/div>\n\n\n<style>.kadence-column1525_032081-b1 > .kt-inside-inner-col,.kadence-column1525_032081-b1 > .kt-inside-inner-col:before{border-top-left-radius:0px;border-top-right-radius:0px;border-bottom-right-radius:0px;border-bottom-left-radius:0px;}.kadence-column1525_032081-b1 > .kt-inside-inner-col{column-gap:var(--global-kb-gap-sm, 1rem);}.kadence-column1525_032081-b1 > .kt-inside-inner-col{flex-direction:column;}.kadence-column1525_032081-b1 > .kt-inside-inner-col > .aligncenter{width:100%;}.kadence-column1525_032081-b1 > .kt-inside-inner-col:before{opacity:0.3;}.kadence-column1525_032081-b1{position:relative;}@media all and (max-width: 1024px){.kadence-column1525_032081-b1 > .kt-inside-inner-col{flex-direction:column;justify-content:center;}}@media all and (max-width: 767px){.kadence-column1525_032081-b1 > .kt-inside-inner-col{padding-right:0px;padding-left:0px;flex-direction:column;justify-content:center;}}<\/style>\n<div class=\"wp-block-kadence-column kadence-column1525_032081-b1 stopper\"><div class=\"kt-inside-inner-col\"><style>.wp-block-kadence-advancedheading.kt-adv-heading1525_d9954f-a1, .wp-block-kadence-advancedheading.kt-adv-heading1525_d9954f-a1[data-kb-block=\"kb-adv-heading1525_d9954f-a1\"]{font-style:normal;}.wp-block-kadence-advancedheading.kt-adv-heading1525_d9954f-a1 mark.kt-highlight, .wp-block-kadence-advancedheading.kt-adv-heading1525_d9954f-a1[data-kb-block=\"kb-adv-heading1525_d9954f-a1\"] mark.kt-highlight{font-style:normal;color:#f76a0c;-webkit-box-decoration-break:clone;box-decoration-break:clone;padding-top:0px;padding-right:0px;padding-bottom:0px;padding-left:0px;}.wp-block-kadence-advancedheading.kt-adv-heading1525_d9954f-a1 img.kb-inline-image, .wp-block-kadence-advancedheading.kt-adv-heading1525_d9954f-a1[data-kb-block=\"kb-adv-heading1525_d9954f-a1\"] img.kb-inline-image{width:150px;vertical-align:baseline;}<\/style>\n<h2 class=\"kt-adv-heading1525_d9954f-a1 h4 wp-block-kadence-advancedheading\" data-kb-block=\"kb-adv-heading1525_d9954f-a1\">Over the years, Simbiotiqa\u2019s output, both theoretical (\u201cWritings\u201d) and practical (\u201cWritten Work\u201d), has been published across various physical and digital media.<\/h2>\n<\/div><\/div>\n\n<\/div><\/div><\/div><\/div>\n\n<\/div><\/div>\n\n<style>.kb-row-layout-wrap.wp-block-kadence-rowlayout.kb-row-layout-id1525_a472ca-cf{margin-top:0px;margin-bottom:0px;}.kb-row-layout-id1525_a472ca-cf > .kt-row-column-wrap{align-content:start;}:where(.kb-row-layout-id1525_a472ca-cf > .kt-row-column-wrap) > .wp-block-kadence-column{justify-content:start;}.kb-row-layout-id1525_a472ca-cf > .kt-row-column-wrap{column-gap:var(--global-kb-gap-md, 2rem);row-gap:var(--global-kb-gap-md, 2rem);padding-top:110px;padding-bottom:0px;grid-template-columns:minmax(0, 1fr);}.kb-row-layout-id1525_a472ca-cf > .kt-row-layout-overlay{opacity:0.30;}@media all and (max-width: 1024px){.kb-row-layout-id1525_a472ca-cf > .kt-row-column-wrap{padding-top:60px;grid-template-columns:minmax(0, 1fr);}}@media all and (max-width: 767px){.kb-row-layout-id1525_a472ca-cf > .kt-row-column-wrap{padding-top:55px;grid-template-columns:minmax(0, 1fr);}}<\/style><div class=\"kb-row-layout-wrap kb-row-layout-id1525_a472ca-cf alignnone wp-block-kadence-rowlayout\"><div class=\"kt-row-column-wrap kt-has-1-columns kt-row-layout-equal kt-tab-layout-inherit kt-mobile-layout-row kt-row-valign-top\">\n<style>.kadence-column1525_c3caf5-37 > .kt-inside-inner-col,.kadence-column1525_c3caf5-37 > .kt-inside-inner-col:before{border-top-left-radius:0px;border-top-right-radius:0px;border-bottom-right-radius:0px;border-bottom-left-radius:0px;}.kadence-column1525_c3caf5-37 > .kt-inside-inner-col{column-gap:var(--global-kb-gap-sm, 1rem);}.kadence-column1525_c3caf5-37 > .kt-inside-inner-col{flex-direction:column;}.kadence-column1525_c3caf5-37 > .kt-inside-inner-col > .aligncenter{width:100%;}.kadence-column1525_c3caf5-37 > .kt-inside-inner-col:before{opacity:0.3;}.kadence-column1525_c3caf5-37{position:relative;}@media all and (max-width: 1024px){.kadence-column1525_c3caf5-37 > .kt-inside-inner-col{flex-direction:column;justify-content:center;}}@media all and (max-width: 767px){.kadence-column1525_c3caf5-37 > .kt-inside-inner-col{flex-direction:column;justify-content:center;}}<\/style>\n<div class=\"wp-block-kadence-column kadence-column1525_c3caf5-37\"><div class=\"kt-inside-inner-col\">\n<div class=\"wp-block-ultimate-post-post-grid-parent ultp-post-grid-parent grid--projectes\" data-postid=\"1525\" data-grids=\"[{&quot;blockId&quot;:&quot;c70a9f&quot;,&quot;name&quot;:&quot;ultimate-post_post-grid-1&quot;}]\" data-pagi=\"[&quot;ultp-block-43440a&quot;]\">\n<div class=\"wp-block-ultimate-post-advanced-filter ultp-block-f7b278 ultp-filter-block filtre\">\t\t\t<div class=\"ultp-block-a20542-wrapper\" data-multiselect=\"true\"\t>\n\n\t\t\t\t\t\t\t\t\t\t\t\t\t<div class=\"ultp-block-a20542 ultp-filter-button wp-block-ultimate-post-filter-select\" role=\"button\" data-blockId=\"a20542\" data-is-active=\"false\"  data-selected=\"_all\" data-type=\"category\">\n\t\t\t\t\tAll Categories\t\t\t\t<\/div>\n\t\t\t\t\t\t\t\t\t\t\t\t\t<div class=\"ultp-block-a20542 ultp-filter-button wp-block-ultimate-post-filter-select\" role=\"button\" data-blockId=\"a20542\" data-is-active=\"false\"  data-selected=\"academia-en\" data-type=\"category\">\n\t\t\t\t\tAcad\u00e8mia (no marcar)\t\t\t\t<\/div>\n\t\t\t\t\t\t\t\t\t\t\t\t\t<div class=\"ultp-block-a20542 ultp-filter-button wp-block-ultimate-post-filter-select\" role=\"button\" data-blockId=\"a20542\" data-is-active=\"false\"  data-selected=\"communities\" data-type=\"category\">\n\t\t\t\t\tCommunities\t\t\t\t<\/div>\n\t\t\t\t\t\t\t\t\t\t\t\t\t<div class=\"ultp-block-a20542 ultp-filter-button wp-block-ultimate-post-filter-select\" role=\"button\" data-blockId=\"a20542\" data-is-active=\"false\"  data-selected=\"ecosystems\" data-type=\"category\">\n\t\t\t\t\tEcosystems\t\t\t\t<\/div>\n\t\t\t\t\t\t\t\t\t\t\t\t\t<div class=\"ultp-block-a20542 ultp-filter-button wp-block-ultimate-post-filter-select\" role=\"button\" data-blockId=\"a20542\" data-is-active=\"false\"  data-selected=\"construction\" data-type=\"category\">\n\t\t\t\t\tHabitats\t\t\t\t<\/div>\n\t\t\t\t\t\t\t\t\t\t\t\t\t<div class=\"ultp-block-a20542 ultp-filter-button wp-block-ultimate-post-filter-select\" role=\"button\" data-blockId=\"a20542\" data-is-active=\"false\"  data-selected=\"news\" data-type=\"category\">\n\t\t\t\t\tNews\t\t\t\t<\/div>\n\t\t\t\t\t\t\t\t\t\t\t\t\t<div class=\"ultp-block-a20542 ultp-filter-button wp-block-ultimate-post-filter-select\" role=\"button\" data-blockId=\"a20542\" data-is-active=\"false\"  data-selected=\"practice\" data-type=\"category\">\n\t\t\t\t\tPractice (no marcar)\t\t\t\t<\/div>\n\t\t\t\t\t\t\t\t\t\t\t\t\t<div class=\"ultp-block-a20542 ultp-filter-button wp-block-ultimate-post-filter-select\" role=\"button\" data-blockId=\"a20542\" data-is-active=\"false\"  data-selected=\"publications\" data-type=\"category\">\n\t\t\t\t\tPublications (no marcar)\t\t\t\t<\/div>\n\t\t\t\t\t\t\t\t\t\t\t\t\t<div class=\"ultp-block-a20542 ultp-filter-button wp-block-ultimate-post-filter-select\" role=\"button\" data-blockId=\"a20542\" data-is-active=\"false\"  data-selected=\"research\" data-type=\"category\">\n\t\t\t\t\tResearch\t\t\t\t<\/div>\n\t\t\t\t\t\t\t\t\t\t\t\t\t<div class=\"ultp-block-a20542 ultp-filter-button wp-block-ultimate-post-filter-select\" role=\"button\" data-blockId=\"a20542\" data-is-active=\"false\"  data-selected=\"teaching\" data-type=\"category\">\n\t\t\t\t\tTeaching\t\t\t\t<\/div>\n\t\t\t\t\t\t\t\t\t\t\t\t\t<div class=\"ultp-block-a20542 ultp-filter-button wp-block-ultimate-post-filter-select\" role=\"button\" data-blockId=\"a20542\" data-is-active=\"false\"  data-selected=\"writings\" data-type=\"category\">\n\t\t\t\t\tWritings\t\t\t\t<\/div>\n\t\t\t\t\t\t\t\t\t\t\t\t\t<div class=\"ultp-block-a20542 ultp-filter-button wp-block-ultimate-post-filter-select\" role=\"button\" data-blockId=\"a20542\" data-is-active=\"false\"  data-selected=\"written-work\" data-type=\"category\">\n\t\t\t\t\tWritten Work\t\t\t\t<\/div>\n\t\t\t\t\t\t\t<\/div>\n\t\t\t\t\n\n\t\t\t<div class=\"ultp-block-482579-wrapper\" data-multiselect=\"true\"\t>\n\n\t\t\t\t\t\t\t\t\t\t\t\t\t<div class=\"ultp-block-482579 ultp-filter-button wp-block-ultimate-post-filter-select\" role=\"button\" data-blockId=\"482579\" data-is-active=\"false\"  data-selected=\"_all\" data-type=\"category\">\n\t\t\t\t\tAll Categories\t\t\t\t<\/div>\n\t\t\t\t\t\t\t\t\t\t\t\t\t<div class=\"ultp-block-482579 ultp-filter-button wp-block-ultimate-post-filter-select\" role=\"button\" data-blockId=\"482579\" data-is-active=\"false\"  data-selected=\"academia-en\" data-type=\"category\">\n\t\t\t\t\tAcad\u00e8mia (no marcar)\t\t\t\t<\/div>\n\t\t\t\t\t\t\t\t\t\t\t\t\t<div class=\"ultp-block-482579 ultp-filter-button wp-block-ultimate-post-filter-select\" role=\"button\" data-blockId=\"482579\" data-is-active=\"false\"  data-selected=\"communities\" data-type=\"category\">\n\t\t\t\t\tCommunities\t\t\t\t<\/div>\n\t\t\t\t\t\t\t\t\t\t\t\t\t<div class=\"ultp-block-482579 ultp-filter-button wp-block-ultimate-post-filter-select\" role=\"button\" data-blockId=\"482579\" data-is-active=\"false\"  data-selected=\"ecosystems\" data-type=\"category\">\n\t\t\t\t\tEcosystems\t\t\t\t<\/div>\n\t\t\t\t\t\t\t\t\t\t\t\t\t<div class=\"ultp-block-482579 ultp-filter-button wp-block-ultimate-post-filter-select\" role=\"button\" data-blockId=\"482579\" data-is-active=\"false\"  data-selected=\"construction\" data-type=\"category\">\n\t\t\t\t\tHabitats\t\t\t\t<\/div>\n\t\t\t\t\t\t\t\t\t\t\t\t\t<div class=\"ultp-block-482579 ultp-filter-button wp-block-ultimate-post-filter-select\" role=\"button\" data-blockId=\"482579\" data-is-active=\"false\"  data-selected=\"news\" data-type=\"category\">\n\t\t\t\t\tNews\t\t\t\t<\/div>\n\t\t\t\t\t\t\t\t\t\t\t\t\t<div class=\"ultp-block-482579 ultp-filter-button wp-block-ultimate-post-filter-select\" role=\"button\" data-blockId=\"482579\" data-is-active=\"false\"  data-selected=\"practice\" data-type=\"category\">\n\t\t\t\t\tPractice (no marcar)\t\t\t\t<\/div>\n\t\t\t\t\t\t\t\t\t\t\t\t\t<div class=\"ultp-block-482579 ultp-filter-button wp-block-ultimate-post-filter-select\" role=\"button\" data-blockId=\"482579\" data-is-active=\"false\"  data-selected=\"publications\" data-type=\"category\">\n\t\t\t\t\tPublications (no marcar)\t\t\t\t<\/div>\n\t\t\t\t\t\t\t\t\t\t\t\t\t<div class=\"ultp-block-482579 ultp-filter-button wp-block-ultimate-post-filter-select\" role=\"button\" data-blockId=\"482579\" data-is-active=\"false\"  data-selected=\"research\" data-type=\"category\">\n\t\t\t\t\tResearch\t\t\t\t<\/div>\n\t\t\t\t\t\t\t\t\t\t\t\t\t<div class=\"ultp-block-482579 ultp-filter-button wp-block-ultimate-post-filter-select\" role=\"button\" data-blockId=\"482579\" data-is-active=\"false\"  data-selected=\"teaching\" data-type=\"category\">\n\t\t\t\t\tTeaching\t\t\t\t<\/div>\n\t\t\t\t\t\t\t\t\t\t\t\t\t<div class=\"ultp-block-482579 ultp-filter-button wp-block-ultimate-post-filter-select\" role=\"button\" data-blockId=\"482579\" data-is-active=\"false\"  data-selected=\"writings\" data-type=\"category\">\n\t\t\t\t\tWritings\t\t\t\t<\/div>\n\t\t\t\t\t\t\t\t\t\t\t\t\t<div class=\"ultp-block-482579 ultp-filter-button wp-block-ultimate-post-filter-select\" role=\"button\" data-blockId=\"482579\" data-is-active=\"false\"  data-selected=\"written-work\" data-type=\"category\">\n\t\t\t\t\tWritten Work\t\t\t\t<\/div>\n\t\t\t\t\t\t\t<\/div>\n\t\t\t\t<\/div>\n\n\n<div  class=\"ultp-post-grid-block wp-block-ultimate-post-post-grid-1 ultp-block-c70a9f\"><div class=\"ultp-block-wrapper\"><div class=\"ultp-loading\"><div class=\"ultp-loading-blocks\" style=\"width:100%;height:100%;\"><div style=\"left: 0;top: 0;animation-delay:0s;\"><\/div><div style=\"left: 21px;top: 0;animation-delay:0.125s;\"><\/div><div style=\"left: 42px;top: 0;animation-delay:0.25s;\"><\/div><div style=\"left: 0;top: 21px;animation-delay:0.875s;\"><\/div><div style=\"left: 42px;top: 21px;animation-delay:0.375s;\"><\/div><div style=\"left: 0;top: 42px;animation-delay:0.75s;\"><\/div><div style=\"left: 42px;top: 42px;animation-delay:0.625s;\"><\/div><div style=\"left: 21px;top: 42px;animation-delay:0.5s;\"><\/div><\/div><\/div><div class=\"ultp-block-items-wrap ultp-block-row ultp-pg1a-style1 ultp-grid1-responsive ultp-block-column-3 ultp-sm-column-2 ultp-xs-column-1 ultp-layout1\"><div class=\"ultp-block-item post-id-1382\"><div class=\"ultp-block-content-wrap\"><div class=\"ultp-block-image ultp-block-image-none\"><a href=\"https:\/\/simbiotiqa.com\/en\/el-croquis-219\/\" ><img decoding=\"async\"  loading=\"lazy\" class=\"ultp-block-image-content\"  alt=\"El Croquis 219\"  src=\"https:\/\/simbiotiqa.com\/wp-content\/uploads\/2025\/11\/00-croquis-219-870x570.webp\" \/><\/a><\/div><div class=\"ultp-block-content\"><h3 class=\"ultp-block-title \"><a href=\"https:\/\/simbiotiqa.com\/en\/el-croquis-219\/\" >El Croquis 219<\/a><\/h3><div class=\"ultp-dynamic-content-group-common ultp-dynamic-content-group-1763546002290\"><div class=\"ultp-dynamic-content-field-common ultp-dynamic-content-field-1763546002290\"><p class=\"ultp-dynamic-content-field-dc\">2023<\/p><\/div><\/div><\/div><\/div><\/div><div class=\"ultp-block-item post-id-1393\"><div class=\"ultp-block-content-wrap\"><div class=\"ultp-block-image ultp-block-image-none\"><a href=\"https:\/\/simbiotiqa.com\/en\/quaderns-273\/\" ><img decoding=\"async\"  loading=\"lazy\" class=\"ultp-block-image-content\"  alt=\"Quaderns 273\"  src=\"https:\/\/simbiotiqa.com\/wp-content\/uploads\/2025\/11\/00-quaderns-273-870x570.webp\" \/><\/a><\/div><div class=\"ultp-block-content\"><h3 class=\"ultp-block-title \"><a href=\"https:\/\/simbiotiqa.com\/en\/quaderns-273\/\" >Quaderns 273<\/a><\/h3><div class=\"ultp-dynamic-content-group-common ultp-dynamic-content-group-1763546002290\"><div class=\"ultp-dynamic-content-field-common ultp-dynamic-content-field-1763546002290\"><p class=\"ultp-dynamic-content-field-dc\">2022<\/p><\/div><\/div><\/div><\/div><\/div><div class=\"ultp-block-item post-id-1430\"><div class=\"ultp-block-content-wrap\"><div class=\"ultp-block-image ultp-block-image-none\"><a href=\"https:\/\/simbiotiqa.com\/en\/la-unidad\/\" ><img decoding=\"async\"  loading=\"lazy\" class=\"ultp-block-image-content\"  alt=\"La Unidad\"  src=\"https:\/\/simbiotiqa.com\/wp-content\/uploads\/2025\/11\/00-la-unidad-870x570.webp\" \/><\/a><\/div><div class=\"ultp-block-content\"><h3 class=\"ultp-block-title \"><a href=\"https:\/\/simbiotiqa.com\/en\/la-unidad\/\" >La Unidad<\/a><\/h3><div class=\"ultp-dynamic-content-group-common ultp-dynamic-content-group-1763546002290\"><div class=\"ultp-dynamic-content-field-common ultp-dynamic-content-field-1763546002290\"><p class=\"ultp-dynamic-content-field-dc\">2016<\/p><\/div><\/div><\/div><\/div><\/div><\/div><\/div><div class=\"pagination-block-html\" aria-hidden=\"true\" style=\"display: none;\"><div class=\"ultp-loadmore\"><\/div><\/div><\/div>\n\n\n<div class=\"wp-block-ultimate-post-post-pagination ultp-block-43440a ultp-pagination-block ultp-pagination-wrap\"><div class=\"ultp-loadmore\"><a class=\"ultp-loadmore-action ultp-disable-editor-click\">Carrega m\u00e9s<\/a><\/div><\/div>\n<\/div>\n<\/div><\/div>\n\n<\/div><\/div>","protected":false},"excerpt":{"rendered":"<p>Publicacions que recullen la producci\u00f3 te\u00f2rica i pr\u00e0ctica de Simbiotiqa, difosa al llarg dels anys en m\u00faltiples mitjans, tant f\u00edsics com digitals.<\/p>\n","protected":false},"author":1,"featured_media":0,"parent":0,"menu_order":0,"comment_status":"closed","ping_status":"closed","template":"templates\/template-builder.php","meta":{"_acf_changed":false,"inline_featured_image":false,"_kad_blocks_custom_css":"","_kad_blocks_head_custom_js":"","_kad_blocks_body_custom_js":"","_kad_blocks_footer_custom_js":"","footnotes":""},"class_list":["post-1525","page","type-page","status-publish","hentry","post","without-featured-image"],"acf":[],"taxonomy_info":[],"featured_image_src_large":false,"author_info":{"display_name":"admin","author_link":"https:\/\/simbiotiqa.com\/en\/author\/ideadmin_7x7o1h5b\/"},"comment_info":0,"_links":{"self":[{"href":"https:\/\/simbiotiqa.com\/en\/wp-json\/wp\/v2\/pages\/1525","targetHints":{"allow":["GET"]}}],"collection":[{"href":"https:\/\/simbiotiqa.com\/en\/wp-json\/wp\/v2\/pages"}],"about":[{"href":"https:\/\/simbiotiqa.com\/en\/wp-json\/wp\/v2\/types\/page"}],"author":[{"embeddable":true,"href":"https:\/\/simbiotiqa.com\/en\/wp-json\/wp\/v2\/users\/1"}],"replies":[{"embeddable":true,"href":"https:\/\/simbiotiqa.com\/en\/wp-json\/wp\/v2\/comments?post=1525"}],"version-history":[{"count":7,"href":"https:\/\/simbiotiqa.com\/en\/wp-json\/wp\/v2\/pages\/1525\/revisions"}],"predecessor-version":[{"id":1895,"href":"https:\/\/simbiotiqa.com\/en\/wp-json\/wp\/v2\/pages\/1525\/revisions\/1895"}],"wp:attachment":[{"href":"https:\/\/simbiotiqa.com\/en\/wp-json\/wp\/v2\/media?parent=1525"}],"curies":[{"name":"wp","href":"https:\/\/api.w.org\/{rel}","templated":true}]}}