{"id":1494,"date":"2025-11-05T16:12:42","date_gmt":"2025-11-05T15:12:42","guid":{"rendered":"https:\/\/simbiotiqa.com\/arquitectura-comunitaria\/"},"modified":"2025-12-15T10:43:04","modified_gmt":"2025-12-15T09:43:04","slug":"arquitectura-comunitaria","status":"publish","type":"page","link":"https:\/\/simbiotiqa.com\/es\/arquitectura-comunitaria\/","title":{"rendered":"Comunidades"},"content":{"rendered":"<style>.kb-row-layout-id1494_af9741-38 > .kt-row-column-wrap{align-content:start;}:where(.kb-row-layout-id1494_af9741-38 > .kt-row-column-wrap) > .wp-block-kadence-column{justify-content:start;}.kb-row-layout-id1494_af9741-38 > .kt-row-column-wrap{column-gap:60px;row-gap:20px;padding-top:61px;padding-bottom:0px;grid-template-columns:minmax(0, 1fr);}.kb-row-layout-id1494_af9741-38{border-bottom:0px solid #000000;}.kb-row-layout-id1494_af9741-38 > .kt-row-layout-overlay{opacity:0.30;}@media all and (max-width: 1024px){.kb-row-layout-id1494_af9741-38 > .kt-row-column-wrap{grid-template-columns:minmax(0, 1fr);}}@media all and (max-width: 1024px){.kb-row-layout-id1494_af9741-38{border-bottom:0px solid #000000;}}@media all and (max-width: 767px){.kb-row-layout-id1494_af9741-38 > .kt-row-column-wrap{row-gap:0px;padding-top:50px;grid-template-columns:minmax(0, 1fr);}.kb-row-layout-id1494_af9741-38{border-bottom:0px solid #000000;}}<\/style><div class=\"kb-row-layout-wrap kb-row-layout-id1494_af9741-38 alignnone fila--header--subhome wp-block-kadence-rowlayout\"><div class=\"kt-row-column-wrap kt-has-2-columns kt-row-layout-row kt-tab-layout-inherit kt-mobile-layout-row kt-row-valign-top\">\n<style>.kadence-column1494_8df4b2-a8 > .kt-inside-inner-col,.kadence-column1494_8df4b2-a8 > .kt-inside-inner-col:before{border-top-left-radius:0px;border-top-right-radius:0px;border-bottom-right-radius:0px;border-bottom-left-radius:0px;}.kadence-column1494_8df4b2-a8 > .kt-inside-inner-col{column-gap:var(--global-kb-gap-sm, 1rem);}.kadence-column1494_8df4b2-a8 > .kt-inside-inner-col{flex-direction:column;}.kadence-column1494_8df4b2-a8 > .kt-inside-inner-col > .aligncenter{width:100%;}.kadence-column1494_8df4b2-a8 > .kt-inside-inner-col:before{opacity:0.3;}.kadence-column1494_8df4b2-a8{position:relative;}@media all and (max-width: 1024px){.kadence-column1494_8df4b2-a8 > .kt-inside-inner-col{padding-left:0px;flex-direction:column;justify-content:center;}}@media all and (max-width: 767px){.kadence-column1494_8df4b2-a8 > .kt-inside-inner-col{padding-left:0px;flex-direction:column;justify-content:center;}}<\/style>\n<div class=\"wp-block-kadence-column kadence-column1494_8df4b2-a8\"><div class=\"kt-inside-inner-col\"><style>.kb-row-layout-wrap.wp-block-kadence-rowlayout.kb-row-layout-id1494_873443-d8{margin-top:0px;margin-bottom:0px;}.kb-row-layout-id1494_873443-d8 > .kt-row-column-wrap{align-content:start;}:where(.kb-row-layout-id1494_873443-d8 > .kt-row-column-wrap) > .wp-block-kadence-column{justify-content:start;}.kb-row-layout-id1494_873443-d8 > .kt-row-column-wrap{column-gap:var(--global-kb-gap-md, 2rem);row-gap:var(--global-kb-gap-md, 2rem);padding-top:0px;padding-bottom:0px;grid-template-columns:minmax(0, 1fr);}.kb-row-layout-id1494_873443-d8 > .kt-row-layout-overlay{opacity:0.30;}@media all and (max-width: 1024px){.kb-row-layout-id1494_873443-d8 > .kt-row-column-wrap{grid-template-columns:minmax(0, 1fr);}}@media all and (max-width: 767px){.kb-row-layout-id1494_873443-d8 > .kt-row-column-wrap{grid-template-columns:minmax(0, 1fr);}}<\/style><div class=\"kb-row-layout-wrap kb-row-layout-id1494_873443-d8 alignnone breadcrumb wp-block-kadence-rowlayout\"><div class=\"kt-row-column-wrap kt-has-1-columns kt-row-layout-equal kt-tab-layout-inherit kt-mobile-layout-row kt-row-valign-top\">\n<style>.kadence-column1494_c9f77e-94 > .kt-inside-inner-col{padding-top:0px;padding-bottom:0px;}.kadence-column1494_c9f77e-94 > .kt-inside-inner-col,.kadence-column1494_c9f77e-94 > .kt-inside-inner-col:before{border-top-left-radius:0px;border-top-right-radius:0px;border-bottom-right-radius:0px;border-bottom-left-radius:0px;}.kadence-column1494_c9f77e-94 > .kt-inside-inner-col{column-gap:var(--global-kb-gap-sm, 1rem);}.kadence-column1494_c9f77e-94 > .kt-inside-inner-col{flex-direction:column;}.kadence-column1494_c9f77e-94 > .kt-inside-inner-col > .aligncenter{width:100%;}.kadence-column1494_c9f77e-94 > .kt-inside-inner-col:before{opacity:0.3;}.kadence-column1494_c9f77e-94{position:relative;}.kadence-column1494_c9f77e-94, .kt-inside-inner-col > .kadence-column1494_c9f77e-94:not(.specificity){margin-top:0px;margin-bottom:0px;}@media all and (max-width: 1024px){.kadence-column1494_c9f77e-94 > .kt-inside-inner-col{flex-direction:column;justify-content:center;}}@media all and (max-width: 767px){.kadence-column1494_c9f77e-94 > .kt-inside-inner-col{flex-direction:column;justify-content:center;}}<\/style>\n<div class=\"wp-block-kadence-column kadence-column1494_c9f77e-94\"><div class=\"kt-inside-inner-col\">\n<p>Pr\u00e1ctica \/<\/p>\n<\/div><\/div>\n\n<\/div><\/div><\/div><\/div>\n\n\n<style>.kadence-column1494_6ef8bb-d8 > .kt-inside-inner-col,.kadence-column1494_6ef8bb-d8 > .kt-inside-inner-col:before{border-top-left-radius:0px;border-top-right-radius:0px;border-bottom-right-radius:0px;border-bottom-left-radius:0px;}.kadence-column1494_6ef8bb-d8 > .kt-inside-inner-col{column-gap:var(--global-kb-gap-sm, 1rem);}.kadence-column1494_6ef8bb-d8 > .kt-inside-inner-col{flex-direction:column;}.kadence-column1494_6ef8bb-d8 > .kt-inside-inner-col > .aligncenter{width:100%;}.kadence-column1494_6ef8bb-d8 > .kt-inside-inner-col:before{opacity:0.3;}.kadence-column1494_6ef8bb-d8{position:relative;}@media all and (max-width: 1024px){.kadence-column1494_6ef8bb-d8 > .kt-inside-inner-col{flex-direction:column;justify-content:center;}}@media all and (max-width: 767px){.kadence-column1494_6ef8bb-d8 > .kt-inside-inner-col{flex-direction:column;justify-content:center;}}<\/style>\n<div class=\"wp-block-kadence-column kadence-column1494_6ef8bb-d8\"><div class=\"kt-inside-inner-col\"><style>.kb-row-layout-wrap.wp-block-kadence-rowlayout.kb-row-layout-id1494_a668ab-b7{margin-top:0px;margin-bottom:0px;}.kb-row-layout-id1494_a668ab-b7 > .kt-row-column-wrap{align-content:start;}:where(.kb-row-layout-id1494_a668ab-b7 > .kt-row-column-wrap) > .wp-block-kadence-column{justify-content:start;}.kb-row-layout-id1494_a668ab-b7 > .kt-row-column-wrap{column-gap:60px;row-gap:var(--global-kb-gap-md, 2rem);padding-top:0px;padding-bottom:0px;grid-template-columns:minmax(0, calc(25% - ((60px * 1 )\/2)))minmax(0, calc(75% - ((60px * 1 )\/2)));}.kb-row-layout-id1494_a668ab-b7{border-bottom:0px solid #000000;}.kb-row-layout-id1494_a668ab-b7 > .kt-row-layout-overlay{opacity:0.30;}@media all and (max-width: 1024px){.kb-row-layout-id1494_a668ab-b7 > .kt-row-column-wrap{grid-template-columns:minmax(0, 1fr);}}@media all and (max-width: 1024px){.kb-row-layout-id1494_a668ab-b7{border-bottom:0px solid #000000;}}@media all and (max-width: 767px){.kb-row-layout-id1494_a668ab-b7 > .kt-row-column-wrap{row-gap:30px;padding-top:10px;grid-template-columns:minmax(0, 1fr);}.kb-row-layout-id1494_a668ab-b7{border-bottom:0px solid #000000;}}<\/style><div class=\"kb-row-layout-wrap kb-row-layout-id1494_a668ab-b7 alignnone fila--estudi wp-block-kadence-rowlayout\"><div class=\"kt-row-column-wrap kt-has-2-columns kt-row-layout-equal kt-tab-layout-row kt-mobile-layout-row kt-row-valign-top\">\n<style>.kadence-column1494_0ac7f8-fe > .kt-inside-inner-col,.kadence-column1494_0ac7f8-fe > .kt-inside-inner-col:before{border-top-left-radius:0px;border-top-right-radius:0px;border-bottom-right-radius:0px;border-bottom-left-radius:0px;}.kadence-column1494_0ac7f8-fe > .kt-inside-inner-col{column-gap:var(--global-kb-gap-sm, 1rem);}.kadence-column1494_0ac7f8-fe > .kt-inside-inner-col{flex-direction:column;}.kadence-column1494_0ac7f8-fe > .kt-inside-inner-col > .aligncenter{width:100%;}.kadence-column1494_0ac7f8-fe > .kt-inside-inner-col:before{opacity:0.3;}.kadence-column1494_0ac7f8-fe{position:relative;}@media all and (max-width: 1024px){.kadence-column1494_0ac7f8-fe > .kt-inside-inner-col{padding-left:0px;flex-direction:column;justify-content:center;}}@media all and (max-width: 767px){.kadence-column1494_0ac7f8-fe > .kt-inside-inner-col{padding-left:0px;flex-direction:column;justify-content:center;}}<\/style>\n<div class=\"wp-block-kadence-column kadence-column1494_0ac7f8-fe\"><div class=\"kt-inside-inner-col\"><style>.wp-block-kadence-advancedheading.kt-adv-heading1494_d60a8c-7a, .wp-block-kadence-advancedheading.kt-adv-heading1494_d60a8c-7a[data-kb-block=\"kb-adv-heading1494_d60a8c-7a\"]{font-style:normal;}.wp-block-kadence-advancedheading.kt-adv-heading1494_d60a8c-7a mark.kt-highlight, .wp-block-kadence-advancedheading.kt-adv-heading1494_d60a8c-7a[data-kb-block=\"kb-adv-heading1494_d60a8c-7a\"] mark.kt-highlight{font-style:normal;color:#f76a0c;-webkit-box-decoration-break:clone;box-decoration-break:clone;padding-top:0px;padding-right:0px;padding-bottom:0px;padding-left:0px;}.wp-block-kadence-advancedheading.kt-adv-heading1494_d60a8c-7a img.kb-inline-image, .wp-block-kadence-advancedheading.kt-adv-heading1494_d60a8c-7a[data-kb-block=\"kb-adv-heading1494_d60a8c-7a\"] img.kb-inline-image{width:150px;vertical-align:baseline;}<\/style>\n<h1 class=\"kt-adv-heading1494_d60a8c-7a h2 wp-block-kadence-advancedheading\" data-kb-block=\"kb-adv-heading1494_d60a8c-7a\"><strong>Comunidades<\/strong><\/h1>\n<\/div><\/div>\n\n\n<style>.kadence-column1494_983822-4b > .kt-inside-inner-col,.kadence-column1494_983822-4b > .kt-inside-inner-col:before{border-top-left-radius:0px;border-top-right-radius:0px;border-bottom-right-radius:0px;border-bottom-left-radius:0px;}.kadence-column1494_983822-4b > .kt-inside-inner-col{column-gap:var(--global-kb-gap-sm, 1rem);}.kadence-column1494_983822-4b > .kt-inside-inner-col{flex-direction:column;}.kadence-column1494_983822-4b > .kt-inside-inner-col > .aligncenter{width:100%;}.kadence-column1494_983822-4b > .kt-inside-inner-col:before{opacity:0.3;}.kadence-column1494_983822-4b{position:relative;}@media all and (max-width: 1024px){.kadence-column1494_983822-4b > .kt-inside-inner-col{flex-direction:column;justify-content:center;}}@media all and (max-width: 767px){.kadence-column1494_983822-4b > .kt-inside-inner-col{padding-right:0px;padding-left:0px;flex-direction:column;justify-content:center;}}<\/style>\n<div class=\"wp-block-kadence-column kadence-column1494_983822-4b stopper\"><div class=\"kt-inside-inner-col\"><style>.wp-block-kadence-advancedheading.kt-adv-heading1494_bff6d8-60, .wp-block-kadence-advancedheading.kt-adv-heading1494_bff6d8-60[data-kb-block=\"kb-adv-heading1494_bff6d8-60\"]{font-style:normal;}.wp-block-kadence-advancedheading.kt-adv-heading1494_bff6d8-60 mark.kt-highlight, .wp-block-kadence-advancedheading.kt-adv-heading1494_bff6d8-60[data-kb-block=\"kb-adv-heading1494_bff6d8-60\"] mark.kt-highlight{font-style:normal;color:#f76a0c;-webkit-box-decoration-break:clone;box-decoration-break:clone;padding-top:0px;padding-right:0px;padding-bottom:0px;padding-left:0px;}.wp-block-kadence-advancedheading.kt-adv-heading1494_bff6d8-60 img.kb-inline-image, .wp-block-kadence-advancedheading.kt-adv-heading1494_bff6d8-60[data-kb-block=\"kb-adv-heading1494_bff6d8-60\"] img.kb-inline-image{width:150px;vertical-align:baseline;}<\/style>\n<h2 class=\"kt-adv-heading1494_bff6d8-60 h4 wp-block-kadence-advancedheading\" data-kb-block=\"kb-adv-heading1494_bff6d8-60\">La arquitectura es comunidad, es cohesi\u00f3n social. En Simbiotiqa dise\u00f1amos y dinamizamos procesos participativos, activ\u00e1ndolos desde el inicio de los proyectos e incorporando tanto a las administraciones p\u00fablicas como a la sociedad en general.<\/h2>\n<\/div><\/div>\n\n<\/div><\/div><\/div><\/div>\n\n<\/div><\/div>\n\n<style>.kb-row-layout-wrap.wp-block-kadence-rowlayout.kb-row-layout-id1494_a7b857-6d{margin-top:0px;margin-bottom:0px;}.kb-row-layout-id1494_a7b857-6d > .kt-row-column-wrap{align-content:start;}:where(.kb-row-layout-id1494_a7b857-6d > .kt-row-column-wrap) > .wp-block-kadence-column{justify-content:start;}.kb-row-layout-id1494_a7b857-6d > .kt-row-column-wrap{column-gap:var(--global-kb-gap-md, 2rem);row-gap:var(--global-kb-gap-md, 2rem);padding-top:110px;padding-bottom:0px;grid-template-columns:minmax(0, 1fr);}.kb-row-layout-id1494_a7b857-6d > .kt-row-layout-overlay{opacity:0.30;}@media all and (max-width: 1024px){.kb-row-layout-id1494_a7b857-6d > .kt-row-column-wrap{padding-top:60px;grid-template-columns:minmax(0, 1fr);}}@media all and (max-width: 767px){.kb-row-layout-id1494_a7b857-6d > .kt-row-column-wrap{padding-top:55px;grid-template-columns:minmax(0, 1fr);}}<\/style><div class=\"kb-row-layout-wrap kb-row-layout-id1494_a7b857-6d alignnone wp-block-kadence-rowlayout\"><div class=\"kt-row-column-wrap kt-has-1-columns kt-row-layout-equal kt-tab-layout-inherit kt-mobile-layout-row kt-row-valign-top\">\n<style>.kadence-column1494_92d858-dd > .kt-inside-inner-col,.kadence-column1494_92d858-dd > .kt-inside-inner-col:before{border-top-left-radius:0px;border-top-right-radius:0px;border-bottom-right-radius:0px;border-bottom-left-radius:0px;}.kadence-column1494_92d858-dd > .kt-inside-inner-col{column-gap:var(--global-kb-gap-sm, 1rem);}.kadence-column1494_92d858-dd > .kt-inside-inner-col{flex-direction:column;}.kadence-column1494_92d858-dd > .kt-inside-inner-col > .aligncenter{width:100%;}.kadence-column1494_92d858-dd > .kt-inside-inner-col:before{opacity:0.3;}.kadence-column1494_92d858-dd{position:relative;}@media all and (max-width: 1024px){.kadence-column1494_92d858-dd > .kt-inside-inner-col{flex-direction:column;justify-content:center;}}@media all and (max-width: 767px){.kadence-column1494_92d858-dd > .kt-inside-inner-col{flex-direction:column;justify-content:center;}}<\/style>\n<div class=\"wp-block-kadence-column kadence-column1494_92d858-dd\"><div class=\"kt-inside-inner-col\">\n<div class=\"wp-block-ultimate-post-post-grid-parent ultp-post-grid-parent grid--projectes\" data-postid=\"1494\" data-grids=\"[{&quot;blockId&quot;:&quot;c7e7e7&quot;,&quot;name&quot;:&quot;ultimate-post_post-grid-1&quot;}]\" data-pagi=\"[&quot;ultp-block-0db513&quot;]\"><div  class=\"ultp-post-grid-block wp-block-ultimate-post-post-grid-1 ultp-block-c7e7e7\"><div class=\"ultp-block-wrapper\"><div class=\"ultp-loading\"><div class=\"ultp-loading-blocks\" style=\"width:100%;height:100%;\"><div style=\"left: 0;top: 0;animation-delay:0s;\"><\/div><div style=\"left: 21px;top: 0;animation-delay:0.125s;\"><\/div><div style=\"left: 42px;top: 0;animation-delay:0.25s;\"><\/div><div style=\"left: 0;top: 21px;animation-delay:0.875s;\"><\/div><div style=\"left: 42px;top: 21px;animation-delay:0.375s;\"><\/div><div style=\"left: 0;top: 42px;animation-delay:0.75s;\"><\/div><div style=\"left: 42px;top: 42px;animation-delay:0.625s;\"><\/div><div style=\"left: 21px;top: 42px;animation-delay:0.5s;\"><\/div><\/div><\/div><div class=\"ultp-block-items-wrap ultp-block-row ultp-pg1a-style1 ultp-grid1-responsive ultp-block-column-3 ultp-sm-column-2 ultp-xs-column-1 ultp-layout1\"><div class=\"ultp-block-item post-id-1314\"><div class=\"ultp-block-content-wrap\"><div class=\"ultp-block-image ultp-block-image-none\"><a href=\"https:\/\/simbiotiqa.com\/es\/casa-zero\/\" ><img decoding=\"async\"  loading=\"lazy\" class=\"ultp-block-image-content\"  alt=\"Casa Zero\"  src=\"https:\/\/simbiotiqa.com\/wp-content\/uploads\/2025\/11\/00-casa-zero-870x570.webp\" \/><\/a><\/div><div class=\"ultp-block-content\"><h3 class=\"ultp-block-title \"><a href=\"https:\/\/simbiotiqa.com\/es\/casa-zero\/\" >Casa Zero<\/a><\/h3><div class=\"ultp-dynamic-content-group-common ultp-dynamic-content-group-1763546002290\"><div class=\"ultp-dynamic-content-field-common ultp-dynamic-content-field-1763546002290\"><p class=\"ultp-dynamic-content-field-dc\">Ma\u00f3, Menorca \/ 2021-2025<\/p><\/div><\/div><\/div><\/div><\/div><div class=\"ultp-block-item post-id-1348\"><div class=\"ultp-block-content-wrap\"><div class=\"ultp-block-image ultp-block-image-none\"><a href=\"https:\/\/simbiotiqa.com\/es\/proceso-participativo-ca-savi\/\" ><img decoding=\"async\"  loading=\"lazy\" class=\"ultp-block-image-content\"  alt=\"Ca Savi\"  src=\"https:\/\/simbiotiqa.com\/wp-content\/uploads\/2025\/11\/00-ca-savi-870x570.webp\" \/><\/a><\/div><div class=\"ultp-block-content\"><h3 class=\"ultp-block-title \"><a href=\"https:\/\/simbiotiqa.com\/es\/proceso-participativo-ca-savi\/\" >Proceso participativo Ca SAVI<\/a><\/h3><div class=\"ultp-dynamic-content-group-common ultp-dynamic-content-group-1763546002290\"><div class=\"ultp-dynamic-content-field-common ultp-dynamic-content-field-1763546002290\"><p class=\"ultp-dynamic-content-field-dc\">Ciutadella, Menorca \/ 2017<\/p><\/div><\/div><\/div><\/div><\/div><\/div><\/div><div class=\"pagination-block-html\" aria-hidden=\"true\" style=\"display: none;\"><div class=\"ultp-loadmore\"><\/div><\/div><\/div>\n\n\n<div class=\"wp-block-ultimate-post-post-pagination ultp-block-0db513 ultp-pagination-block ultp-pagination-wrap\"><div class=\"ultp-loadmore\"><a class=\"ultp-loadmore-action ultp-disable-editor-click\">Carrega m\u00e9s<\/a><\/div><\/div>\n<\/div>\n<\/div><\/div>\n\n<\/div><\/div>","protected":false},"excerpt":{"rendered":"<p>imbiotiqa impulsa arquitectura comunitaria mediante procesos participativos que fomentan cohesi\u00f3n social e integran administraciones y ciudadan\u00eda desde el inicio.<\/p>\n","protected":false},"author":1,"featured_media":0,"parent":0,"menu_order":0,"comment_status":"closed","ping_status":"closed","template":"templates\/template-builder.php","meta":{"_acf_changed":false,"inline_featured_image":false,"_kad_blocks_custom_css":"","_kad_blocks_head_custom_js":"","_kad_blocks_body_custom_js":"","_kad_blocks_footer_custom_js":"","footnotes":""},"class_list":["post-1494","page","type-page","status-publish","hentry","post","without-featured-image"],"acf":[],"taxonomy_info":[],"featured_image_src_large":false,"author_info":{"display_name":"admin","author_link":"https:\/\/simbiotiqa.com\/es\/author\/ideadmin_7x7o1h5b\/"},"comment_info":0,"_links":{"self":[{"href":"https:\/\/simbiotiqa.com\/es\/wp-json\/wp\/v2\/pages\/1494","targetHints":{"allow":["GET"]}}],"collection":[{"href":"https:\/\/simbiotiqa.com\/es\/wp-json\/wp\/v2\/pages"}],"about":[{"href":"https:\/\/simbiotiqa.com\/es\/wp-json\/wp\/v2\/types\/page"}],"author":[{"embeddable":true,"href":"https:\/\/simbiotiqa.com\/es\/wp-json\/wp\/v2\/users\/1"}],"replies":[{"embeddable":true,"href":"https:\/\/simbiotiqa.com\/es\/wp-json\/wp\/v2\/comments?post=1494"}],"version-history":[{"count":6,"href":"https:\/\/simbiotiqa.com\/es\/wp-json\/wp\/v2\/pages\/1494\/revisions"}],"predecessor-version":[{"id":1714,"href":"https:\/\/simbiotiqa.com\/es\/wp-json\/wp\/v2\/pages\/1494\/revisions\/1714"}],"wp:attachment":[{"href":"https:\/\/simbiotiqa.com\/es\/wp-json\/wp\/v2\/media?parent=1494"}],"curies":[{"name":"wp","href":"https:\/\/api.w.org\/{rel}","templated":true}]}}