{"id":1503,"date":"2025-11-05T16:12:59","date_gmt":"2025-11-05T15:12:59","guid":{"rendered":"https:\/\/simbiotiqa.com\/arquitectura-de-construccio\/"},"modified":"2026-01-27T12:31:46","modified_gmt":"2026-01-27T11:31:46","slug":"habitats","status":"publish","type":"page","link":"https:\/\/simbiotiqa.com\/es\/habitats\/","title":{"rendered":"H\u00e1bitats"},"content":{"rendered":"<style>.kb-row-layout-id1503_fa43de-06 > .kt-row-column-wrap{align-content:start;}:where(.kb-row-layout-id1503_fa43de-06 > .kt-row-column-wrap) > .wp-block-kadence-column{justify-content:start;}.kb-row-layout-id1503_fa43de-06 > .kt-row-column-wrap{column-gap:60px;row-gap:20px;padding-top:61px;padding-bottom:0px;grid-template-columns:minmax(0, 1fr);}.kb-row-layout-id1503_fa43de-06{border-bottom:0px solid #000000;}.kb-row-layout-id1503_fa43de-06 > .kt-row-layout-overlay{opacity:0.30;}@media all and (max-width: 1024px){.kb-row-layout-id1503_fa43de-06 > .kt-row-column-wrap{grid-template-columns:minmax(0, 1fr);}}@media all and (max-width: 1024px){.kb-row-layout-id1503_fa43de-06{border-bottom:0px solid #000000;}}@media all and (max-width: 767px){.kb-row-layout-id1503_fa43de-06 > .kt-row-column-wrap{row-gap:0px;padding-top:50px;grid-template-columns:minmax(0, 1fr);}.kb-row-layout-id1503_fa43de-06{border-bottom:0px solid #000000;}}<\/style><div class=\"kb-row-layout-wrap kb-row-layout-id1503_fa43de-06 alignnone fila--header--subhome wp-block-kadence-rowlayout\"><div class=\"kt-row-column-wrap kt-has-2-columns kt-row-layout-row kt-tab-layout-inherit kt-mobile-layout-row kt-row-valign-top\">\n<style>.kadence-column1503_6337de-62 > .kt-inside-inner-col,.kadence-column1503_6337de-62 > .kt-inside-inner-col:before{border-top-left-radius:0px;border-top-right-radius:0px;border-bottom-right-radius:0px;border-bottom-left-radius:0px;}.kadence-column1503_6337de-62 > .kt-inside-inner-col{column-gap:var(--global-kb-gap-sm, 1rem);}.kadence-column1503_6337de-62 > .kt-inside-inner-col{flex-direction:column;}.kadence-column1503_6337de-62 > .kt-inside-inner-col > .aligncenter{width:100%;}.kadence-column1503_6337de-62 > .kt-inside-inner-col:before{opacity:0.3;}.kadence-column1503_6337de-62{position:relative;}@media all and (max-width: 1024px){.kadence-column1503_6337de-62 > .kt-inside-inner-col{padding-left:0px;flex-direction:column;justify-content:center;}}@media all and (max-width: 767px){.kadence-column1503_6337de-62 > .kt-inside-inner-col{padding-left:0px;flex-direction:column;justify-content:center;}}<\/style>\n<div class=\"wp-block-kadence-column kadence-column1503_6337de-62\"><div class=\"kt-inside-inner-col\"><style>.kb-row-layout-wrap.wp-block-kadence-rowlayout.kb-row-layout-id1503_392d6a-ef{margin-top:0px;margin-bottom:0px;}.kb-row-layout-id1503_392d6a-ef > .kt-row-column-wrap{align-content:start;}:where(.kb-row-layout-id1503_392d6a-ef > .kt-row-column-wrap) > .wp-block-kadence-column{justify-content:start;}.kb-row-layout-id1503_392d6a-ef > .kt-row-column-wrap{column-gap:var(--global-kb-gap-md, 2rem);row-gap:var(--global-kb-gap-md, 2rem);padding-top:0px;padding-bottom:0px;grid-template-columns:minmax(0, 1fr);}.kb-row-layout-id1503_392d6a-ef > .kt-row-layout-overlay{opacity:0.30;}@media all and (max-width: 1024px){.kb-row-layout-id1503_392d6a-ef > .kt-row-column-wrap{grid-template-columns:minmax(0, 1fr);}}@media all and (max-width: 767px){.kb-row-layout-id1503_392d6a-ef > .kt-row-column-wrap{grid-template-columns:minmax(0, 1fr);}}<\/style><div class=\"kb-row-layout-wrap kb-row-layout-id1503_392d6a-ef alignnone breadcrumb wp-block-kadence-rowlayout\"><div class=\"kt-row-column-wrap kt-has-1-columns kt-row-layout-equal kt-tab-layout-inherit kt-mobile-layout-row kt-row-valign-top\">\n<style>.kadence-column1503_981e81-99 > .kt-inside-inner-col{padding-top:0px;padding-bottom:0px;}.kadence-column1503_981e81-99 > .kt-inside-inner-col,.kadence-column1503_981e81-99 > .kt-inside-inner-col:before{border-top-left-radius:0px;border-top-right-radius:0px;border-bottom-right-radius:0px;border-bottom-left-radius:0px;}.kadence-column1503_981e81-99 > .kt-inside-inner-col{column-gap:var(--global-kb-gap-sm, 1rem);}.kadence-column1503_981e81-99 > .kt-inside-inner-col{flex-direction:column;}.kadence-column1503_981e81-99 > .kt-inside-inner-col > .aligncenter{width:100%;}.kadence-column1503_981e81-99 > .kt-inside-inner-col:before{opacity:0.3;}.kadence-column1503_981e81-99{position:relative;}.kadence-column1503_981e81-99, .kt-inside-inner-col > .kadence-column1503_981e81-99:not(.specificity){margin-top:0px;margin-bottom:0px;}@media all and (max-width: 1024px){.kadence-column1503_981e81-99 > .kt-inside-inner-col{flex-direction:column;justify-content:center;}}@media all and (max-width: 767px){.kadence-column1503_981e81-99 > .kt-inside-inner-col{flex-direction:column;justify-content:center;}}<\/style>\n<div class=\"wp-block-kadence-column kadence-column1503_981e81-99\"><div class=\"kt-inside-inner-col\">\n<p>Pr\u00e1ctica \/<\/p>\n<\/div><\/div>\n\n<\/div><\/div><\/div><\/div>\n\n\n<style>.kadence-column1503_baf0a2-74 > .kt-inside-inner-col,.kadence-column1503_baf0a2-74 > .kt-inside-inner-col:before{border-top-left-radius:0px;border-top-right-radius:0px;border-bottom-right-radius:0px;border-bottom-left-radius:0px;}.kadence-column1503_baf0a2-74 > .kt-inside-inner-col{column-gap:var(--global-kb-gap-sm, 1rem);}.kadence-column1503_baf0a2-74 > .kt-inside-inner-col{flex-direction:column;}.kadence-column1503_baf0a2-74 > .kt-inside-inner-col > .aligncenter{width:100%;}.kadence-column1503_baf0a2-74 > .kt-inside-inner-col:before{opacity:0.3;}.kadence-column1503_baf0a2-74{position:relative;}@media all and (max-width: 1024px){.kadence-column1503_baf0a2-74 > .kt-inside-inner-col{flex-direction:column;justify-content:center;}}@media all and (max-width: 767px){.kadence-column1503_baf0a2-74 > .kt-inside-inner-col{flex-direction:column;justify-content:center;}}<\/style>\n<div class=\"wp-block-kadence-column kadence-column1503_baf0a2-74\"><div class=\"kt-inside-inner-col\"><style>.kb-row-layout-wrap.wp-block-kadence-rowlayout.kb-row-layout-id1503_feca1c-1d{margin-top:0px;margin-bottom:0px;}.kb-row-layout-id1503_feca1c-1d > .kt-row-column-wrap{align-content:start;}:where(.kb-row-layout-id1503_feca1c-1d > .kt-row-column-wrap) > .wp-block-kadence-column{justify-content:start;}.kb-row-layout-id1503_feca1c-1d > .kt-row-column-wrap{column-gap:60px;row-gap:var(--global-kb-gap-md, 2rem);padding-top:0px;padding-bottom:0px;grid-template-columns:minmax(0, calc(25% - ((60px * 1 )\/2)))minmax(0, calc(75% - ((60px * 1 )\/2)));}.kb-row-layout-id1503_feca1c-1d{border-bottom:0px solid #000000;}.kb-row-layout-id1503_feca1c-1d > .kt-row-layout-overlay{opacity:0.30;}@media all and (max-width: 1024px){.kb-row-layout-id1503_feca1c-1d > .kt-row-column-wrap{grid-template-columns:minmax(0, 1fr);}}@media all and (max-width: 1024px){.kb-row-layout-id1503_feca1c-1d{border-bottom:0px solid #000000;}}@media all and (max-width: 767px){.kb-row-layout-id1503_feca1c-1d > .kt-row-column-wrap{row-gap:30px;padding-top:10px;grid-template-columns:minmax(0, 1fr);}.kb-row-layout-id1503_feca1c-1d{border-bottom:0px solid #000000;}}<\/style><div class=\"kb-row-layout-wrap kb-row-layout-id1503_feca1c-1d alignnone fila--estudi wp-block-kadence-rowlayout\"><div class=\"kt-row-column-wrap kt-has-2-columns kt-row-layout-equal kt-tab-layout-row kt-mobile-layout-row kt-row-valign-top\">\n<style>.kadence-column1503_736b11-6c > .kt-inside-inner-col,.kadence-column1503_736b11-6c > .kt-inside-inner-col:before{border-top-left-radius:0px;border-top-right-radius:0px;border-bottom-right-radius:0px;border-bottom-left-radius:0px;}.kadence-column1503_736b11-6c > .kt-inside-inner-col{column-gap:var(--global-kb-gap-sm, 1rem);}.kadence-column1503_736b11-6c > .kt-inside-inner-col{flex-direction:column;}.kadence-column1503_736b11-6c > .kt-inside-inner-col > .aligncenter{width:100%;}.kadence-column1503_736b11-6c > .kt-inside-inner-col:before{opacity:0.3;}.kadence-column1503_736b11-6c{position:relative;}@media all and (max-width: 1024px){.kadence-column1503_736b11-6c > .kt-inside-inner-col{padding-left:0px;flex-direction:column;justify-content:center;}}@media all and (max-width: 767px){.kadence-column1503_736b11-6c > .kt-inside-inner-col{padding-left:0px;flex-direction:column;justify-content:center;}}<\/style>\n<div class=\"wp-block-kadence-column kadence-column1503_736b11-6c\"><div class=\"kt-inside-inner-col\"><style>.wp-block-kadence-advancedheading.kt-adv-heading1503_6a9f91-56, .wp-block-kadence-advancedheading.kt-adv-heading1503_6a9f91-56[data-kb-block=\"kb-adv-heading1503_6a9f91-56\"]{font-style:normal;}.wp-block-kadence-advancedheading.kt-adv-heading1503_6a9f91-56 mark.kt-highlight, .wp-block-kadence-advancedheading.kt-adv-heading1503_6a9f91-56[data-kb-block=\"kb-adv-heading1503_6a9f91-56\"] mark.kt-highlight{font-style:normal;color:#f76a0c;-webkit-box-decoration-break:clone;box-decoration-break:clone;padding-top:0px;padding-right:0px;padding-bottom:0px;padding-left:0px;}.wp-block-kadence-advancedheading.kt-adv-heading1503_6a9f91-56 img.kb-inline-image, .wp-block-kadence-advancedheading.kt-adv-heading1503_6a9f91-56[data-kb-block=\"kb-adv-heading1503_6a9f91-56\"] img.kb-inline-image{width:150px;vertical-align:baseline;}<\/style>\n<h1 class=\"kt-adv-heading1503_6a9f91-56 h2 wp-block-kadence-advancedheading\" data-kb-block=\"kb-adv-heading1503_6a9f91-56\"><strong>H\u00e1bitats<\/strong><\/h1>\n<\/div><\/div>\n\n\n<style>.kadence-column1503_ac2b5a-fb > .kt-inside-inner-col,.kadence-column1503_ac2b5a-fb > .kt-inside-inner-col:before{border-top-left-radius:0px;border-top-right-radius:0px;border-bottom-right-radius:0px;border-bottom-left-radius:0px;}.kadence-column1503_ac2b5a-fb > .kt-inside-inner-col{column-gap:var(--global-kb-gap-sm, 1rem);}.kadence-column1503_ac2b5a-fb > .kt-inside-inner-col{flex-direction:column;}.kadence-column1503_ac2b5a-fb > .kt-inside-inner-col > .aligncenter{width:100%;}.kadence-column1503_ac2b5a-fb > .kt-inside-inner-col:before{opacity:0.3;}.kadence-column1503_ac2b5a-fb{position:relative;}@media all and (max-width: 1024px){.kadence-column1503_ac2b5a-fb > .kt-inside-inner-col{flex-direction:column;justify-content:center;}}@media all and (max-width: 767px){.kadence-column1503_ac2b5a-fb > .kt-inside-inner-col{padding-right:0px;padding-left:0px;flex-direction:column;justify-content:center;}}<\/style>\n<div class=\"wp-block-kadence-column kadence-column1503_ac2b5a-fb stopper\"><div class=\"kt-inside-inner-col\"><style>.wp-block-kadence-advancedheading.kt-adv-heading1503_216537-d0, .wp-block-kadence-advancedheading.kt-adv-heading1503_216537-d0[data-kb-block=\"kb-adv-heading1503_216537-d0\"]{font-style:normal;}.wp-block-kadence-advancedheading.kt-adv-heading1503_216537-d0 mark.kt-highlight, .wp-block-kadence-advancedheading.kt-adv-heading1503_216537-d0[data-kb-block=\"kb-adv-heading1503_216537-d0\"] mark.kt-highlight{font-style:normal;color:#f76a0c;-webkit-box-decoration-break:clone;box-decoration-break:clone;padding-top:0px;padding-right:0px;padding-bottom:0px;padding-left:0px;}.wp-block-kadence-advancedheading.kt-adv-heading1503_216537-d0 img.kb-inline-image, .wp-block-kadence-advancedheading.kt-adv-heading1503_216537-d0[data-kb-block=\"kb-adv-heading1503_216537-d0\"] img.kb-inline-image{width:150px;vertical-align:baseline;}<\/style>\n<h2 class=\"kt-adv-heading1503_216537-d0 h4 wp-block-kadence-advancedheading\" data-kb-block=\"kb-adv-heading1503_216537-d0\">La arquitectura es construcci\u00f3n, es adecuaci\u00f3n del entorno. En Simbiotiqa trabajamos de forma transescalar, redactando peque\u00f1os proyectos de reforma u obra nueva y, en colaboraci\u00f3n con otros profesionales, ambiciosos planes de ordenaci\u00f3n territorial o de gesti\u00f3n patrimonial.<\/h2>\n<\/div><\/div>\n\n<\/div><\/div><\/div><\/div>\n\n<\/div><\/div>\n\n<style>.kb-row-layout-wrap.wp-block-kadence-rowlayout.kb-row-layout-id1503_9b8660-b3{margin-top:0px;margin-bottom:0px;}.kb-row-layout-id1503_9b8660-b3 > .kt-row-column-wrap{align-content:start;}:where(.kb-row-layout-id1503_9b8660-b3 > .kt-row-column-wrap) > .wp-block-kadence-column{justify-content:start;}.kb-row-layout-id1503_9b8660-b3 > .kt-row-column-wrap{column-gap:var(--global-kb-gap-md, 2rem);row-gap:var(--global-kb-gap-md, 2rem);padding-top:110px;padding-bottom:0px;grid-template-columns:minmax(0, 1fr);}.kb-row-layout-id1503_9b8660-b3 > .kt-row-layout-overlay{opacity:0.30;}@media all and (max-width: 1024px){.kb-row-layout-id1503_9b8660-b3 > .kt-row-column-wrap{padding-top:60px;grid-template-columns:minmax(0, 1fr);}}@media all and (max-width: 767px){.kb-row-layout-id1503_9b8660-b3 > .kt-row-column-wrap{padding-top:55px;grid-template-columns:minmax(0, 1fr);}}<\/style><div class=\"kb-row-layout-wrap kb-row-layout-id1503_9b8660-b3 alignnone wp-block-kadence-rowlayout\"><div class=\"kt-row-column-wrap kt-has-1-columns kt-row-layout-equal kt-tab-layout-inherit kt-mobile-layout-row kt-row-valign-top\">\n<style>.kadence-column1503_ec2ca6-cd > .kt-inside-inner-col,.kadence-column1503_ec2ca6-cd > .kt-inside-inner-col:before{border-top-left-radius:0px;border-top-right-radius:0px;border-bottom-right-radius:0px;border-bottom-left-radius:0px;}.kadence-column1503_ec2ca6-cd > .kt-inside-inner-col{column-gap:var(--global-kb-gap-sm, 1rem);}.kadence-column1503_ec2ca6-cd > .kt-inside-inner-col{flex-direction:column;}.kadence-column1503_ec2ca6-cd > .kt-inside-inner-col > .aligncenter{width:100%;}.kadence-column1503_ec2ca6-cd > .kt-inside-inner-col:before{opacity:0.3;}.kadence-column1503_ec2ca6-cd{position:relative;}@media all and (max-width: 1024px){.kadence-column1503_ec2ca6-cd > .kt-inside-inner-col{flex-direction:column;justify-content:center;}}@media all and (max-width: 767px){.kadence-column1503_ec2ca6-cd > .kt-inside-inner-col{flex-direction:column;justify-content:center;}}<\/style>\n<div class=\"wp-block-kadence-column kadence-column1503_ec2ca6-cd\"><div class=\"kt-inside-inner-col\">\n<div class=\"wp-block-ultimate-post-post-grid-parent ultp-post-grid-parent grid--projectes\" data-postid=\"1503\" data-grids=\"[{&quot;blockId&quot;:&quot;ff29fc&quot;,&quot;name&quot;:&quot;ultimate-post_post-grid-1&quot;}]\" data-pagi=\"[&quot;ultp-block-f0825b&quot;]\"><div  class=\"ultp-post-grid-block wp-block-ultimate-post-post-grid-1 ultp-block-ff29fc\"><div class=\"ultp-block-wrapper\"><div class=\"ultp-loading\"><div class=\"ultp-loading-blocks\" style=\"width:100%;height:100%;\"><div style=\"left: 0;top: 0;animation-delay:0s;\"><\/div><div style=\"left: 21px;top: 0;animation-delay:0.125s;\"><\/div><div style=\"left: 42px;top: 0;animation-delay:0.25s;\"><\/div><div style=\"left: 0;top: 21px;animation-delay:0.875s;\"><\/div><div style=\"left: 42px;top: 21px;animation-delay:0.375s;\"><\/div><div style=\"left: 0;top: 42px;animation-delay:0.75s;\"><\/div><div style=\"left: 42px;top: 42px;animation-delay:0.625s;\"><\/div><div style=\"left: 21px;top: 42px;animation-delay:0.5s;\"><\/div><\/div><\/div><div class=\"ultp-block-items-wrap ultp-block-row ultp-pg1a-style1 ultp-grid1-responsive ultp-block-column-3 ultp-sm-column-2 ultp-xs-column-1 ultp-layout1\"><div class=\"ultp-block-item post-id-1287\"><div class=\"ultp-block-content-wrap\"><div class=\"ultp-block-image ultp-block-image-none\"><a href=\"https:\/\/simbiotiqa.com\/es\/11-hpp-ibavi-fornells\/\" ><img decoding=\"async\"  loading=\"lazy\" class=\"ultp-block-image-content\"  alt=\"11 HPP Ibavi Fornells\"  src=\"https:\/\/simbiotiqa.com\/wp-content\/uploads\/2025\/11\/00-hpp-ibavi-fornells-870x570.webp\" \/><\/a><\/div><div class=\"ultp-block-content\"><h3 class=\"ultp-block-title \"><a href=\"https:\/\/simbiotiqa.com\/es\/11-hpp-ibavi-fornells\/\" >11 HPP IBAVI Fornells<\/a><\/h3><div class=\"ultp-dynamic-content-group-common ultp-dynamic-content-group-1763546002290\"><div class=\"ultp-dynamic-content-field-common ultp-dynamic-content-field-1763546002290\"><p class=\"ultp-dynamic-content-field-dc\">Fornells, Es Mercadal, Menorca \/ 2020-2025<\/p><\/div><\/div><\/div><\/div><\/div><div class=\"ultp-block-item post-id-1314\"><div class=\"ultp-block-content-wrap\"><div class=\"ultp-block-image ultp-block-image-none\"><a href=\"https:\/\/simbiotiqa.com\/es\/casa-zero\/\" ><img decoding=\"async\"  loading=\"lazy\" class=\"ultp-block-image-content\"  alt=\"Casa Zero\"  src=\"https:\/\/simbiotiqa.com\/wp-content\/uploads\/2025\/11\/00-casa-zero-870x570.webp\" \/><\/a><\/div><div class=\"ultp-block-content\"><h3 class=\"ultp-block-title \"><a href=\"https:\/\/simbiotiqa.com\/es\/casa-zero\/\" >Casa Zero<\/a><\/h3><div class=\"ultp-dynamic-content-group-common ultp-dynamic-content-group-1763546002290\"><div class=\"ultp-dynamic-content-field-common ultp-dynamic-content-field-1763546002290\"><p class=\"ultp-dynamic-content-field-dc\">Ma\u00f3, Menorca \/ 2021-2025<\/p><\/div><\/div><\/div><\/div><\/div><div class=\"ultp-block-item post-id-1326\"><div class=\"ultp-block-content-wrap\"><div class=\"ultp-block-image ultp-block-image-none\"><a href=\"https:\/\/simbiotiqa.com\/es\/9-hpp-ibavi-es-migjorn\/\" ><img decoding=\"async\"  loading=\"lazy\" class=\"ultp-block-image-content\"  alt=\"9 HPP Ibavi Es Migjorn\"  src=\"https:\/\/simbiotiqa.com\/wp-content\/uploads\/2025\/11\/00-hpp-ibavi-migjorn-870x570.webp\" \/><\/a><\/div><div class=\"ultp-block-content\"><h3 class=\"ultp-block-title \"><a href=\"https:\/\/simbiotiqa.com\/es\/9-hpp-ibavi-es-migjorn\/\" >9 HPP IBAVI Es Migjorn<\/a><\/h3><div class=\"ultp-dynamic-content-group-common ultp-dynamic-content-group-1763546002290\"><div class=\"ultp-dynamic-content-field-common ultp-dynamic-content-field-1763546002290\"><p class=\"ultp-dynamic-content-field-dc\">Es Migjorn Gran, Menorca \/ 2021-2024<\/p><\/div><\/div><\/div><\/div><\/div><div class=\"ultp-block-item post-id-1359\"><div class=\"ultp-block-content-wrap\"><div class=\"ultp-block-image ultp-block-image-none\"><a href=\"https:\/\/simbiotiqa.com\/es\/antigua-iglesia-de-corbera-debre\/\" ><img decoding=\"async\"  loading=\"lazy\" class=\"ultp-block-image-content\"  alt=\"Antiga esgl\u00e9sia de Corbera d&#039;Ebre\"  src=\"https:\/\/simbiotiqa.com\/wp-content\/uploads\/2025\/11\/00-esglesia-corbera-ebre-870x570.webp\" \/><\/a><\/div><div class=\"ultp-block-content\"><h3 class=\"ultp-block-title \"><a href=\"https:\/\/simbiotiqa.com\/es\/antigua-iglesia-de-corbera-debre\/\" >Antigua iglesia de Corbera d\u2019Ebre<\/a><\/h3><div class=\"ultp-dynamic-content-group-common ultp-dynamic-content-group-1763546002290\"><div class=\"ultp-dynamic-content-field-common ultp-dynamic-content-field-1763546002290\"><p class=\"ultp-dynamic-content-field-dc\">Corbera d\u2019Ebre, Terra Alta, Tarragona \/ 1999-2011<\/p><\/div><\/div><\/div><\/div><\/div><div class=\"ultp-block-item post-id-1370\"><div class=\"ultp-block-content-wrap\"><div class=\"ultp-block-image ultp-block-image-none\"><a href=\"https:\/\/simbiotiqa.com\/es\/casa-quatre-porxos\/\" ><img decoding=\"async\"  loading=\"lazy\" class=\"ultp-block-image-content\"  alt=\"Casa Quatre Porxos\"  src=\"https:\/\/simbiotiqa.com\/wp-content\/uploads\/2025\/11\/00-casa-quatre-porxos-870x570.webp\" \/><\/a><\/div><div class=\"ultp-block-content\"><h3 class=\"ultp-block-title \"><a href=\"https:\/\/simbiotiqa.com\/es\/casa-quatre-porxos\/\" >Casa Quatre Porxos<\/a><\/h3><div class=\"ultp-dynamic-content-group-common ultp-dynamic-content-group-1763546002290\"><div class=\"ultp-dynamic-content-field-common ultp-dynamic-content-field-1763546002290\"><p class=\"ultp-dynamic-content-field-dc\">Port d\u2019Addaia, Es Mercadal, Menorca \/ 2007-2010<\/p><\/div><\/div><\/div><\/div><\/div><\/div><\/div><div class=\"pagination-block-html\" aria-hidden=\"true\" style=\"display: none;\"><div class=\"ultp-loadmore\"><\/div><\/div><\/div>\n\n\n<div class=\"wp-block-ultimate-post-post-pagination ultp-block-f0825b ultp-pagination-block ultp-pagination-wrap\"><div class=\"ultp-loadmore\"><a class=\"ultp-loadmore-action ultp-disable-editor-click\">Carrega m\u00e9s<\/a><\/div><\/div>\n<\/div>\n<\/div><\/div>\n\n<\/div><\/div>","protected":false},"excerpt":{"rendered":"<p>Simbiotiqa desarrolla arquitectura de construcci\u00f3n y adecuaci\u00f3n del entorno con trabajo transescalar que incluye reformas, obra nueva y planes de gesti\u00f3n.<\/p>\n","protected":false},"author":1,"featured_media":0,"parent":0,"menu_order":0,"comment_status":"closed","ping_status":"closed","template":"templates\/template-builder.php","meta":{"_acf_changed":false,"inline_featured_image":false,"_kad_blocks_custom_css":"","_kad_blocks_head_custom_js":"","_kad_blocks_body_custom_js":"","_kad_blocks_footer_custom_js":"","footnotes":""},"class_list":["post-1503","page","type-page","status-publish","hentry","post","without-featured-image"],"acf":[],"taxonomy_info":[],"featured_image_src_large":false,"author_info":{"display_name":"admin","author_link":"https:\/\/simbiotiqa.com\/es\/author\/ideadmin_7x7o1h5b\/"},"comment_info":0,"_links":{"self":[{"href":"https:\/\/simbiotiqa.com\/es\/wp-json\/wp\/v2\/pages\/1503","targetHints":{"allow":["GET"]}}],"collection":[{"href":"https:\/\/simbiotiqa.com\/es\/wp-json\/wp\/v2\/pages"}],"about":[{"href":"https:\/\/simbiotiqa.com\/es\/wp-json\/wp\/v2\/types\/page"}],"author":[{"embeddable":true,"href":"https:\/\/simbiotiqa.com\/es\/wp-json\/wp\/v2\/users\/1"}],"replies":[{"embeddable":true,"href":"https:\/\/simbiotiqa.com\/es\/wp-json\/wp\/v2\/comments?post=1503"}],"version-history":[{"count":8,"href":"https:\/\/simbiotiqa.com\/es\/wp-json\/wp\/v2\/pages\/1503\/revisions"}],"predecessor-version":[{"id":2000,"href":"https:\/\/simbiotiqa.com\/es\/wp-json\/wp\/v2\/pages\/1503\/revisions\/2000"}],"wp:attachment":[{"href":"https:\/\/simbiotiqa.com\/es\/wp-json\/wp\/v2\/media?parent=1503"}],"curies":[{"name":"wp","href":"https:\/\/api.w.org\/{rel}","templated":true}]}}