{"id":1519,"date":"2025-11-05T16:13:15","date_gmt":"2025-11-05T15:13:15","guid":{"rendered":"https:\/\/simbiotiqa.com\/arquitectura-ecosistemica\/"},"modified":"2025-12-15T10:50:29","modified_gmt":"2025-12-15T09:50:29","slug":"arquitectura-ecosistemica","status":"publish","type":"page","link":"https:\/\/simbiotiqa.com\/es\/arquitectura-ecosistemica\/","title":{"rendered":"Ecosistemas"},"content":{"rendered":"<style>.kb-row-layout-id1519_89bc0d-c0 > .kt-row-column-wrap{align-content:start;}:where(.kb-row-layout-id1519_89bc0d-c0 > .kt-row-column-wrap) > .wp-block-kadence-column{justify-content:start;}.kb-row-layout-id1519_89bc0d-c0 > .kt-row-column-wrap{column-gap:60px;row-gap:20px;padding-top:61px;padding-bottom:0px;grid-template-columns:minmax(0, 1fr);}.kb-row-layout-id1519_89bc0d-c0{border-bottom:0px solid #000000;}.kb-row-layout-id1519_89bc0d-c0 > .kt-row-layout-overlay{opacity:0.30;}@media all and (max-width: 1024px){.kb-row-layout-id1519_89bc0d-c0 > .kt-row-column-wrap{grid-template-columns:minmax(0, 1fr);}}@media all and (max-width: 1024px){.kb-row-layout-id1519_89bc0d-c0{border-bottom:0px solid #000000;}}@media all and (max-width: 767px){.kb-row-layout-id1519_89bc0d-c0 > .kt-row-column-wrap{row-gap:0px;padding-top:50px;grid-template-columns:minmax(0, 1fr);}.kb-row-layout-id1519_89bc0d-c0{border-bottom:0px solid #000000;}}<\/style><div class=\"kb-row-layout-wrap kb-row-layout-id1519_89bc0d-c0 alignnone fila--header--subhome wp-block-kadence-rowlayout\"><div class=\"kt-row-column-wrap kt-has-2-columns kt-row-layout-row kt-tab-layout-inherit kt-mobile-layout-row kt-row-valign-top\">\n<style>.kadence-column1519_37af65-4b > .kt-inside-inner-col,.kadence-column1519_37af65-4b > .kt-inside-inner-col:before{border-top-left-radius:0px;border-top-right-radius:0px;border-bottom-right-radius:0px;border-bottom-left-radius:0px;}.kadence-column1519_37af65-4b > .kt-inside-inner-col{column-gap:var(--global-kb-gap-sm, 1rem);}.kadence-column1519_37af65-4b > .kt-inside-inner-col{flex-direction:column;}.kadence-column1519_37af65-4b > .kt-inside-inner-col > .aligncenter{width:100%;}.kadence-column1519_37af65-4b > .kt-inside-inner-col:before{opacity:0.3;}.kadence-column1519_37af65-4b{position:relative;}@media all and (max-width: 1024px){.kadence-column1519_37af65-4b > .kt-inside-inner-col{padding-left:0px;flex-direction:column;justify-content:center;}}@media all and (max-width: 767px){.kadence-column1519_37af65-4b > .kt-inside-inner-col{padding-left:0px;flex-direction:column;justify-content:center;}}<\/style>\n<div class=\"wp-block-kadence-column kadence-column1519_37af65-4b\"><div class=\"kt-inside-inner-col\"><style>.kb-row-layout-wrap.wp-block-kadence-rowlayout.kb-row-layout-id1519_244ed4-68{margin-top:0px;margin-bottom:0px;}.kb-row-layout-id1519_244ed4-68 > .kt-row-column-wrap{align-content:start;}:where(.kb-row-layout-id1519_244ed4-68 > .kt-row-column-wrap) > .wp-block-kadence-column{justify-content:start;}.kb-row-layout-id1519_244ed4-68 > .kt-row-column-wrap{column-gap:var(--global-kb-gap-md, 2rem);row-gap:var(--global-kb-gap-md, 2rem);padding-top:0px;padding-bottom:0px;grid-template-columns:minmax(0, 1fr);}.kb-row-layout-id1519_244ed4-68 > .kt-row-layout-overlay{opacity:0.30;}@media all and (max-width: 1024px){.kb-row-layout-id1519_244ed4-68 > .kt-row-column-wrap{grid-template-columns:minmax(0, 1fr);}}@media all and (max-width: 767px){.kb-row-layout-id1519_244ed4-68 > .kt-row-column-wrap{grid-template-columns:minmax(0, 1fr);}}<\/style><div class=\"kb-row-layout-wrap kb-row-layout-id1519_244ed4-68 alignnone breadcrumb wp-block-kadence-rowlayout\"><div class=\"kt-row-column-wrap kt-has-1-columns kt-row-layout-equal kt-tab-layout-inherit kt-mobile-layout-row kt-row-valign-top\">\n<style>.kadence-column1519_72ba78-ed > .kt-inside-inner-col{padding-top:0px;padding-bottom:0px;}.kadence-column1519_72ba78-ed > .kt-inside-inner-col,.kadence-column1519_72ba78-ed > .kt-inside-inner-col:before{border-top-left-radius:0px;border-top-right-radius:0px;border-bottom-right-radius:0px;border-bottom-left-radius:0px;}.kadence-column1519_72ba78-ed > .kt-inside-inner-col{column-gap:var(--global-kb-gap-sm, 1rem);}.kadence-column1519_72ba78-ed > .kt-inside-inner-col{flex-direction:column;}.kadence-column1519_72ba78-ed > .kt-inside-inner-col > .aligncenter{width:100%;}.kadence-column1519_72ba78-ed > .kt-inside-inner-col:before{opacity:0.3;}.kadence-column1519_72ba78-ed{position:relative;}.kadence-column1519_72ba78-ed, .kt-inside-inner-col > .kadence-column1519_72ba78-ed:not(.specificity){margin-top:0px;margin-bottom:0px;}@media all and (max-width: 1024px){.kadence-column1519_72ba78-ed > .kt-inside-inner-col{flex-direction:column;justify-content:center;}}@media all and (max-width: 767px){.kadence-column1519_72ba78-ed > .kt-inside-inner-col{flex-direction:column;justify-content:center;}}<\/style>\n<div class=\"wp-block-kadence-column kadence-column1519_72ba78-ed\"><div class=\"kt-inside-inner-col\">\n<p>Pr\u00e1ctica \/<\/p>\n<\/div><\/div>\n\n<\/div><\/div><\/div><\/div>\n\n\n<style>.kadence-column1519_8b168d-27 > .kt-inside-inner-col,.kadence-column1519_8b168d-27 > .kt-inside-inner-col:before{border-top-left-radius:0px;border-top-right-radius:0px;border-bottom-right-radius:0px;border-bottom-left-radius:0px;}.kadence-column1519_8b168d-27 > .kt-inside-inner-col{column-gap:var(--global-kb-gap-sm, 1rem);}.kadence-column1519_8b168d-27 > .kt-inside-inner-col{flex-direction:column;}.kadence-column1519_8b168d-27 > .kt-inside-inner-col > .aligncenter{width:100%;}.kadence-column1519_8b168d-27 > .kt-inside-inner-col:before{opacity:0.3;}.kadence-column1519_8b168d-27{position:relative;}@media all and (max-width: 1024px){.kadence-column1519_8b168d-27 > .kt-inside-inner-col{flex-direction:column;justify-content:center;}}@media all and (max-width: 767px){.kadence-column1519_8b168d-27 > .kt-inside-inner-col{flex-direction:column;justify-content:center;}}<\/style>\n<div class=\"wp-block-kadence-column kadence-column1519_8b168d-27\"><div class=\"kt-inside-inner-col\"><style>.kb-row-layout-wrap.wp-block-kadence-rowlayout.kb-row-layout-id1519_ffc709-56{margin-top:0px;margin-bottom:0px;}.kb-row-layout-id1519_ffc709-56 > .kt-row-column-wrap{align-content:start;}:where(.kb-row-layout-id1519_ffc709-56 > .kt-row-column-wrap) > .wp-block-kadence-column{justify-content:start;}.kb-row-layout-id1519_ffc709-56 > .kt-row-column-wrap{column-gap:60px;row-gap:var(--global-kb-gap-md, 2rem);padding-top:0px;padding-bottom:0px;grid-template-columns:minmax(0, calc(25% - ((60px * 1 )\/2)))minmax(0, calc(75% - ((60px * 1 )\/2)));}.kb-row-layout-id1519_ffc709-56{border-bottom:0px solid #000000;}.kb-row-layout-id1519_ffc709-56 > .kt-row-layout-overlay{opacity:0.30;}@media all and (max-width: 1024px){.kb-row-layout-id1519_ffc709-56 > .kt-row-column-wrap{grid-template-columns:minmax(0, 1fr);}}@media all and (max-width: 1024px){.kb-row-layout-id1519_ffc709-56{border-bottom:0px solid #000000;}}@media all and (max-width: 767px){.kb-row-layout-id1519_ffc709-56 > .kt-row-column-wrap{row-gap:30px;padding-top:10px;grid-template-columns:minmax(0, 1fr);}.kb-row-layout-id1519_ffc709-56{border-bottom:0px solid #000000;}}<\/style><div class=\"kb-row-layout-wrap kb-row-layout-id1519_ffc709-56 alignnone fila--estudi wp-block-kadence-rowlayout\"><div class=\"kt-row-column-wrap kt-has-2-columns kt-row-layout-equal kt-tab-layout-row kt-mobile-layout-row kt-row-valign-top\">\n<style>.kadence-column1519_1733dd-ed > .kt-inside-inner-col,.kadence-column1519_1733dd-ed > .kt-inside-inner-col:before{border-top-left-radius:0px;border-top-right-radius:0px;border-bottom-right-radius:0px;border-bottom-left-radius:0px;}.kadence-column1519_1733dd-ed > .kt-inside-inner-col{column-gap:var(--global-kb-gap-sm, 1rem);}.kadence-column1519_1733dd-ed > .kt-inside-inner-col{flex-direction:column;}.kadence-column1519_1733dd-ed > .kt-inside-inner-col > .aligncenter{width:100%;}.kadence-column1519_1733dd-ed > .kt-inside-inner-col:before{opacity:0.3;}.kadence-column1519_1733dd-ed{position:relative;}@media all and (max-width: 1024px){.kadence-column1519_1733dd-ed > .kt-inside-inner-col{padding-left:0px;flex-direction:column;justify-content:center;}}@media all and (max-width: 767px){.kadence-column1519_1733dd-ed > .kt-inside-inner-col{padding-left:0px;flex-direction:column;justify-content:center;}}<\/style>\n<div class=\"wp-block-kadence-column kadence-column1519_1733dd-ed\"><div class=\"kt-inside-inner-col\"><style>.wp-block-kadence-advancedheading.kt-adv-heading1519_e43747-ae, .wp-block-kadence-advancedheading.kt-adv-heading1519_e43747-ae[data-kb-block=\"kb-adv-heading1519_e43747-ae\"]{font-style:normal;}.wp-block-kadence-advancedheading.kt-adv-heading1519_e43747-ae mark.kt-highlight, .wp-block-kadence-advancedheading.kt-adv-heading1519_e43747-ae[data-kb-block=\"kb-adv-heading1519_e43747-ae\"] mark.kt-highlight{font-style:normal;color:#f76a0c;-webkit-box-decoration-break:clone;box-decoration-break:clone;padding-top:0px;padding-right:0px;padding-bottom:0px;padding-left:0px;}.wp-block-kadence-advancedheading.kt-adv-heading1519_e43747-ae img.kb-inline-image, .wp-block-kadence-advancedheading.kt-adv-heading1519_e43747-ae[data-kb-block=\"kb-adv-heading1519_e43747-ae\"] img.kb-inline-image{width:150px;vertical-align:baseline;}<\/style>\n<h1 class=\"kt-adv-heading1519_e43747-ae h2 wp-block-kadence-advancedheading\" data-kb-block=\"kb-adv-heading1519_e43747-ae\"><strong>Ecosistemas<\/strong><\/h1>\n<\/div><\/div>\n\n\n<style>.kadence-column1519_70f713-88 > .kt-inside-inner-col,.kadence-column1519_70f713-88 > .kt-inside-inner-col:before{border-top-left-radius:0px;border-top-right-radius:0px;border-bottom-right-radius:0px;border-bottom-left-radius:0px;}.kadence-column1519_70f713-88 > .kt-inside-inner-col{column-gap:var(--global-kb-gap-sm, 1rem);}.kadence-column1519_70f713-88 > .kt-inside-inner-col{flex-direction:column;}.kadence-column1519_70f713-88 > .kt-inside-inner-col > .aligncenter{width:100%;}.kadence-column1519_70f713-88 > .kt-inside-inner-col:before{opacity:0.3;}.kadence-column1519_70f713-88{position:relative;}@media all and (max-width: 1024px){.kadence-column1519_70f713-88 > .kt-inside-inner-col{flex-direction:column;justify-content:center;}}@media all and (max-width: 767px){.kadence-column1519_70f713-88 > .kt-inside-inner-col{padding-right:0px;padding-left:0px;flex-direction:column;justify-content:center;}}<\/style>\n<div class=\"wp-block-kadence-column kadence-column1519_70f713-88 stopper\"><div class=\"kt-inside-inner-col\"><style>.wp-block-kadence-advancedheading.kt-adv-heading1519_6f450a-26, .wp-block-kadence-advancedheading.kt-adv-heading1519_6f450a-26[data-kb-block=\"kb-adv-heading1519_6f450a-26\"]{font-style:normal;}.wp-block-kadence-advancedheading.kt-adv-heading1519_6f450a-26 mark.kt-highlight, .wp-block-kadence-advancedheading.kt-adv-heading1519_6f450a-26[data-kb-block=\"kb-adv-heading1519_6f450a-26\"] mark.kt-highlight{font-style:normal;color:#f76a0c;-webkit-box-decoration-break:clone;box-decoration-break:clone;padding-top:0px;padding-right:0px;padding-bottom:0px;padding-left:0px;}.wp-block-kadence-advancedheading.kt-adv-heading1519_6f450a-26 img.kb-inline-image, .wp-block-kadence-advancedheading.kt-adv-heading1519_6f450a-26[data-kb-block=\"kb-adv-heading1519_6f450a-26\"] img.kb-inline-image{width:150px;vertical-align:baseline;}<\/style>\n<h2 class=\"kt-adv-heading1519_6f450a-26 h4 wp-block-kadence-advancedheading\" data-kb-block=\"kb-adv-heading1519_6f450a-26\">La arquitectura es naturaleza, es mejora ecosist\u00e9mica. En Simbiotiqa trabajamos de forma transdisciplinar, colaborando con otras consultor\u00edas o creando amplios equipos multidisciplinares y redactamos planes estrat\u00e9gicos y estudios ambientales.<\/h2>\n<\/div><\/div>\n\n<\/div><\/div><\/div><\/div>\n\n<\/div><\/div>\n\n<style>.kb-row-layout-wrap.wp-block-kadence-rowlayout.kb-row-layout-id1519_15a40c-a5{margin-top:0px;margin-bottom:0px;}.kb-row-layout-id1519_15a40c-a5 > .kt-row-column-wrap{align-content:start;}:where(.kb-row-layout-id1519_15a40c-a5 > .kt-row-column-wrap) > .wp-block-kadence-column{justify-content:start;}.kb-row-layout-id1519_15a40c-a5 > .kt-row-column-wrap{column-gap:var(--global-kb-gap-md, 2rem);row-gap:var(--global-kb-gap-md, 2rem);padding-top:110px;padding-bottom:0px;grid-template-columns:minmax(0, 1fr);}.kb-row-layout-id1519_15a40c-a5 > .kt-row-layout-overlay{opacity:0.30;}@media all and (max-width: 1024px){.kb-row-layout-id1519_15a40c-a5 > .kt-row-column-wrap{padding-top:60px;grid-template-columns:minmax(0, 1fr);}}@media all and (max-width: 767px){.kb-row-layout-id1519_15a40c-a5 > .kt-row-column-wrap{padding-top:55px;grid-template-columns:minmax(0, 1fr);}}<\/style><div class=\"kb-row-layout-wrap kb-row-layout-id1519_15a40c-a5 alignnone wp-block-kadence-rowlayout\"><div class=\"kt-row-column-wrap kt-has-1-columns kt-row-layout-equal kt-tab-layout-inherit kt-mobile-layout-row kt-row-valign-top\">\n<style>.kadence-column1519_a4ff02-65 > .kt-inside-inner-col,.kadence-column1519_a4ff02-65 > .kt-inside-inner-col:before{border-top-left-radius:0px;border-top-right-radius:0px;border-bottom-right-radius:0px;border-bottom-left-radius:0px;}.kadence-column1519_a4ff02-65 > .kt-inside-inner-col{column-gap:var(--global-kb-gap-sm, 1rem);}.kadence-column1519_a4ff02-65 > .kt-inside-inner-col{flex-direction:column;}.kadence-column1519_a4ff02-65 > .kt-inside-inner-col > .aligncenter{width:100%;}.kadence-column1519_a4ff02-65 > .kt-inside-inner-col:before{opacity:0.3;}.kadence-column1519_a4ff02-65{position:relative;}@media all and (max-width: 1024px){.kadence-column1519_a4ff02-65 > .kt-inside-inner-col{flex-direction:column;justify-content:center;}}@media all and (max-width: 767px){.kadence-column1519_a4ff02-65 > .kt-inside-inner-col{flex-direction:column;justify-content:center;}}<\/style>\n<div class=\"wp-block-kadence-column kadence-column1519_a4ff02-65\"><div class=\"kt-inside-inner-col\">\n<div class=\"wp-block-ultimate-post-post-grid-parent ultp-post-grid-parent grid--projectes\" data-postid=\"1519\" data-grids=\"[{&quot;blockId&quot;:&quot;ae2e70&quot;,&quot;name&quot;:&quot;ultimate-post_post-grid-1&quot;}]\" data-pagi=\"[&quot;ultp-block-7fae38&quot;]\"><div  class=\"ultp-post-grid-block wp-block-ultimate-post-post-grid-1 ultp-block-ae2e70\"><div class=\"ultp-block-wrapper\"><div class=\"ultp-loading\"><div class=\"ultp-loading-blocks\" style=\"width:100%;height:100%;\"><div style=\"left: 0;top: 0;animation-delay:0s;\"><\/div><div style=\"left: 21px;top: 0;animation-delay:0.125s;\"><\/div><div style=\"left: 42px;top: 0;animation-delay:0.25s;\"><\/div><div style=\"left: 0;top: 21px;animation-delay:0.875s;\"><\/div><div style=\"left: 42px;top: 21px;animation-delay:0.375s;\"><\/div><div style=\"left: 0;top: 42px;animation-delay:0.75s;\"><\/div><div style=\"left: 42px;top: 42px;animation-delay:0.625s;\"><\/div><div style=\"left: 21px;top: 42px;animation-delay:0.5s;\"><\/div><\/div><\/div><div class=\"ultp-block-items-wrap ultp-block-row ultp-pg1a-style1 ultp-grid1-responsive ultp-block-column-3 ultp-sm-column-2 ultp-xs-column-1 ultp-layout1\"><div class=\"ultp-block-item post-id-1338\"><div class=\"ultp-block-content-wrap\"><div class=\"ultp-block-image ultp-block-image-none\"><a href=\"https:\/\/simbiotiqa.com\/es\/plan-director-del-llatzeret-de-mao\/\" ><img decoding=\"async\"  loading=\"lazy\" class=\"ultp-block-image-content\"  alt=\"Pla director del Llatzeret Ma\u00f3\"  src=\"https:\/\/simbiotiqa.com\/wp-content\/uploads\/2025\/11\/00-llatzeret-mao-870x570.webp\" \/><\/a><\/div><div class=\"ultp-block-content\"><h3 class=\"ultp-block-title \"><a href=\"https:\/\/simbiotiqa.com\/es\/plan-director-del-llatzeret-de-mao\/\" >Plan director del Llatzeret de Ma\u00f3<\/a><\/h3><div class=\"ultp-dynamic-content-group-common ultp-dynamic-content-group-1763546002290\"><div class=\"ultp-dynamic-content-field-common ultp-dynamic-content-field-1763546002290\"><p class=\"ultp-dynamic-content-field-dc\">Port de Ma\u00f3, Menorca \/ 2019-2020<\/p><\/div><\/div><\/div><\/div><\/div><div class=\"ultp-block-item post-id-1376\"><div class=\"ultp-block-content-wrap\"><div class=\"ultp-block-image ultp-block-image-none\"><a href=\"https:\/\/simbiotiqa.com\/es\/centro-de-interpretacion-senclusa\/\" ><img decoding=\"async\"  loading=\"lazy\" class=\"ultp-block-image-content\"  alt=\"Centre d\u2019Interpretaci\u00f3 S\u2019Enclusa\"  src=\"https:\/\/simbiotiqa.com\/wp-content\/uploads\/2025\/11\/00-centre-interpretacio-senclusa-870x570.webp\" \/><\/a><\/div><div class=\"ultp-block-content\"><h3 class=\"ultp-block-title \"><a href=\"https:\/\/simbiotiqa.com\/es\/centro-de-interpretacion-senclusa\/\" >Centro de Interpretaci\u00f3n S\u2019Enclusa<\/a><\/h3><div class=\"ultp-dynamic-content-group-common ultp-dynamic-content-group-1763546002290\"><div class=\"ultp-dynamic-content-field-common ultp-dynamic-content-field-1763546002290\"><p class=\"ultp-dynamic-content-field-dc\">Muntanya de S\u2019Enclusa, Ferreries, Menorca \/ 2008-2009<\/p><\/div><\/div><\/div><\/div><\/div><\/div><\/div><div class=\"pagination-block-html\" aria-hidden=\"true\" style=\"display: none;\"><div class=\"ultp-loadmore\"><\/div><\/div><\/div>\n\n\n<div class=\"wp-block-ultimate-post-post-pagination ultp-block-7fae38 ultp-pagination-block ultp-pagination-wrap\"><div class=\"ultp-loadmore\"><a class=\"ultp-loadmore-action ultp-disable-editor-click\">Carrega m\u00e9s<\/a><\/div><\/div>\n<\/div>\n<\/div><\/div>\n\n<\/div><\/div>","protected":false},"excerpt":{"rendered":"<p>Simbiotiqa desarrolla arquitectura ecosist\u00e9mica mediante trabajo transdisciplinar y colaboraciones en planes estrat\u00e9gicos y estudios ambientales.<\/p>\n","protected":false},"author":1,"featured_media":0,"parent":0,"menu_order":0,"comment_status":"closed","ping_status":"closed","template":"templates\/template-builder.php","meta":{"_acf_changed":false,"inline_featured_image":false,"_kad_blocks_custom_css":"","_kad_blocks_head_custom_js":"","_kad_blocks_body_custom_js":"","_kad_blocks_footer_custom_js":"","footnotes":""},"class_list":["post-1519","page","type-page","status-publish","hentry","post","without-featured-image"],"acf":[],"taxonomy_info":[],"featured_image_src_large":false,"author_info":{"display_name":"admin","author_link":"https:\/\/simbiotiqa.com\/es\/author\/ideadmin_7x7o1h5b\/"},"comment_info":0,"_links":{"self":[{"href":"https:\/\/simbiotiqa.com\/es\/wp-json\/wp\/v2\/pages\/1519","targetHints":{"allow":["GET"]}}],"collection":[{"href":"https:\/\/simbiotiqa.com\/es\/wp-json\/wp\/v2\/pages"}],"about":[{"href":"https:\/\/simbiotiqa.com\/es\/wp-json\/wp\/v2\/types\/page"}],"author":[{"embeddable":true,"href":"https:\/\/simbiotiqa.com\/es\/wp-json\/wp\/v2\/users\/1"}],"replies":[{"embeddable":true,"href":"https:\/\/simbiotiqa.com\/es\/wp-json\/wp\/v2\/comments?post=1519"}],"version-history":[{"count":4,"href":"https:\/\/simbiotiqa.com\/es\/wp-json\/wp\/v2\/pages\/1519\/revisions"}],"predecessor-version":[{"id":1721,"href":"https:\/\/simbiotiqa.com\/es\/wp-json\/wp\/v2\/pages\/1519\/revisions\/1721"}],"wp:attachment":[{"href":"https:\/\/simbiotiqa.com\/es\/wp-json\/wp\/v2\/media?parent=1519"}],"curies":[{"name":"wp","href":"https:\/\/api.w.org\/{rel}","templated":true}]}}