{"id":1526,"date":"2025-11-05T16:14:17","date_gmt":"2025-11-05T15:14:17","guid":{"rendered":"https:\/\/simbiotiqa.com\/publicacions\/"},"modified":"2026-01-14T12:26:32","modified_gmt":"2026-01-14T11:26:32","slug":"publicaciones","status":"publish","type":"page","link":"https:\/\/simbiotiqa.com\/es\/publicaciones\/","title":{"rendered":"Publicaciones"},"content":{"rendered":"<style>.kb-row-layout-id1526_96736d-af > .kt-row-column-wrap{align-content:start;}:where(.kb-row-layout-id1526_96736d-af > .kt-row-column-wrap) > .wp-block-kadence-column{justify-content:start;}.kb-row-layout-id1526_96736d-af > .kt-row-column-wrap{column-gap:60px;row-gap:20px;padding-top:61px;padding-bottom:0px;grid-template-columns:minmax(0, 1fr);}.kb-row-layout-id1526_96736d-af{border-bottom:0px solid #000000;}.kb-row-layout-id1526_96736d-af > .kt-row-layout-overlay{opacity:0.30;}@media all and (max-width: 1024px){.kb-row-layout-id1526_96736d-af > .kt-row-column-wrap{grid-template-columns:minmax(0, 1fr);}}@media all and (max-width: 1024px){.kb-row-layout-id1526_96736d-af{border-bottom:0px solid #000000;}}@media all and (max-width: 767px){.kb-row-layout-id1526_96736d-af > .kt-row-column-wrap{row-gap:0px;padding-top:50px;grid-template-columns:minmax(0, 1fr);}.kb-row-layout-id1526_96736d-af{border-bottom:0px solid #000000;}}<\/style><div class=\"kb-row-layout-wrap kb-row-layout-id1526_96736d-af alignnone fila--header--subhome wp-block-kadence-rowlayout\"><div class=\"kt-row-column-wrap kt-has-2-columns kt-row-layout-row kt-tab-layout-inherit kt-mobile-layout-row kt-row-valign-top\">\n<style>.kadence-column1526_0f967f-ab > .kt-inside-inner-col,.kadence-column1526_0f967f-ab > .kt-inside-inner-col:before{border-top-left-radius:0px;border-top-right-radius:0px;border-bottom-right-radius:0px;border-bottom-left-radius:0px;}.kadence-column1526_0f967f-ab > .kt-inside-inner-col{column-gap:var(--global-kb-gap-sm, 1rem);}.kadence-column1526_0f967f-ab > .kt-inside-inner-col{flex-direction:column;}.kadence-column1526_0f967f-ab > .kt-inside-inner-col > .aligncenter{width:100%;}.kadence-column1526_0f967f-ab > .kt-inside-inner-col:before{opacity:0.3;}.kadence-column1526_0f967f-ab{position:relative;}@media all and (max-width: 1024px){.kadence-column1526_0f967f-ab > .kt-inside-inner-col{padding-left:0px;flex-direction:column;justify-content:center;}}@media all and (max-width: 767px){.kadence-column1526_0f967f-ab > .kt-inside-inner-col{padding-left:0px;flex-direction:column;justify-content:center;}}<\/style>\n<div class=\"wp-block-kadence-column kadence-column1526_0f967f-ab\"><div class=\"kt-inside-inner-col\"><style>.kb-row-layout-wrap.wp-block-kadence-rowlayout.kb-row-layout-id1526_e8f643-ec{margin-top:0px;margin-bottom:0px;}.kb-row-layout-id1526_e8f643-ec > .kt-row-column-wrap{align-content:start;}:where(.kb-row-layout-id1526_e8f643-ec > .kt-row-column-wrap) > .wp-block-kadence-column{justify-content:start;}.kb-row-layout-id1526_e8f643-ec > .kt-row-column-wrap{column-gap:var(--global-kb-gap-md, 2rem);row-gap:var(--global-kb-gap-md, 2rem);padding-top:0px;padding-bottom:0px;grid-template-columns:minmax(0, 1fr);}.kb-row-layout-id1526_e8f643-ec > .kt-row-layout-overlay{opacity:0.30;}@media all and (max-width: 1024px){.kb-row-layout-id1526_e8f643-ec > .kt-row-column-wrap{grid-template-columns:minmax(0, 1fr);}}@media all and (max-width: 767px){.kb-row-layout-id1526_e8f643-ec > .kt-row-column-wrap{grid-template-columns:minmax(0, 1fr);}}<\/style><div class=\"kb-row-layout-wrap kb-row-layout-id1526_e8f643-ec alignnone breadcrumb wp-block-kadence-rowlayout\"><div class=\"kt-row-column-wrap kt-has-1-columns kt-row-layout-equal kt-tab-layout-inherit kt-mobile-layout-row kt-row-valign-top\">\n<style>.kadence-column1526_90a6f4-74 > .kt-inside-inner-col{padding-top:0px;padding-bottom:0px;}.kadence-column1526_90a6f4-74 > .kt-inside-inner-col,.kadence-column1526_90a6f4-74 > .kt-inside-inner-col:before{border-top-left-radius:0px;border-top-right-radius:0px;border-bottom-right-radius:0px;border-bottom-left-radius:0px;}.kadence-column1526_90a6f4-74 > .kt-inside-inner-col{column-gap:var(--global-kb-gap-sm, 1rem);}.kadence-column1526_90a6f4-74 > .kt-inside-inner-col{flex-direction:column;}.kadence-column1526_90a6f4-74 > .kt-inside-inner-col > .aligncenter{width:100%;}.kadence-column1526_90a6f4-74 > .kt-inside-inner-col:before{opacity:0.3;}.kadence-column1526_90a6f4-74{position:relative;}.kadence-column1526_90a6f4-74, .kt-inside-inner-col > .kadence-column1526_90a6f4-74:not(.specificity){margin-top:0px;margin-bottom:0px;}@media all and (max-width: 1024px){.kadence-column1526_90a6f4-74 > .kt-inside-inner-col{flex-direction:column;justify-content:center;}}@media all and (max-width: 767px){.kadence-column1526_90a6f4-74 > .kt-inside-inner-col{flex-direction:column;justify-content:center;}}<\/style>\n<div class=\"wp-block-kadence-column kadence-column1526_90a6f4-74\"><div class=\"kt-inside-inner-col\">\n<p>Academia \/<\/p>\n<\/div><\/div>\n\n<\/div><\/div><\/div><\/div>\n\n\n<style>.kadence-column1526_22f687-8f > .kt-inside-inner-col,.kadence-column1526_22f687-8f > .kt-inside-inner-col:before{border-top-left-radius:0px;border-top-right-radius:0px;border-bottom-right-radius:0px;border-bottom-left-radius:0px;}.kadence-column1526_22f687-8f > .kt-inside-inner-col{column-gap:var(--global-kb-gap-sm, 1rem);}.kadence-column1526_22f687-8f > .kt-inside-inner-col{flex-direction:column;}.kadence-column1526_22f687-8f > .kt-inside-inner-col > .aligncenter{width:100%;}.kadence-column1526_22f687-8f > .kt-inside-inner-col:before{opacity:0.3;}.kadence-column1526_22f687-8f{position:relative;}@media all and (max-width: 1024px){.kadence-column1526_22f687-8f > .kt-inside-inner-col{flex-direction:column;justify-content:center;}}@media all and (max-width: 767px){.kadence-column1526_22f687-8f > .kt-inside-inner-col{flex-direction:column;justify-content:center;}}<\/style>\n<div class=\"wp-block-kadence-column kadence-column1526_22f687-8f\"><div class=\"kt-inside-inner-col\"><style>.kb-row-layout-wrap.wp-block-kadence-rowlayout.kb-row-layout-id1526_9fcd8e-ed{margin-top:0px;margin-bottom:0px;}.kb-row-layout-id1526_9fcd8e-ed > .kt-row-column-wrap{align-content:start;}:where(.kb-row-layout-id1526_9fcd8e-ed > .kt-row-column-wrap) > .wp-block-kadence-column{justify-content:start;}.kb-row-layout-id1526_9fcd8e-ed > .kt-row-column-wrap{column-gap:60px;row-gap:var(--global-kb-gap-md, 2rem);padding-top:0px;padding-bottom:0px;grid-template-columns:minmax(0, calc(25% - ((60px * 1 )\/2)))minmax(0, calc(75% - ((60px * 1 )\/2)));}.kb-row-layout-id1526_9fcd8e-ed{border-bottom:0px solid #000000;}.kb-row-layout-id1526_9fcd8e-ed > .kt-row-layout-overlay{opacity:0.30;}@media all and (max-width: 1024px){.kb-row-layout-id1526_9fcd8e-ed > .kt-row-column-wrap{grid-template-columns:minmax(0, 1fr);}}@media all and (max-width: 1024px){.kb-row-layout-id1526_9fcd8e-ed{border-bottom:0px solid #000000;}}@media all and (max-width: 767px){.kb-row-layout-id1526_9fcd8e-ed > .kt-row-column-wrap{row-gap:30px;padding-top:10px;grid-template-columns:minmax(0, 1fr);}.kb-row-layout-id1526_9fcd8e-ed{border-bottom:0px solid #000000;}}<\/style><div class=\"kb-row-layout-wrap kb-row-layout-id1526_9fcd8e-ed alignnone fila--estudi wp-block-kadence-rowlayout\"><div class=\"kt-row-column-wrap kt-has-2-columns kt-row-layout-equal kt-tab-layout-row kt-mobile-layout-row kt-row-valign-top\">\n<style>.kadence-column1526_75ff74-09 > .kt-inside-inner-col,.kadence-column1526_75ff74-09 > .kt-inside-inner-col:before{border-top-left-radius:0px;border-top-right-radius:0px;border-bottom-right-radius:0px;border-bottom-left-radius:0px;}.kadence-column1526_75ff74-09 > .kt-inside-inner-col{column-gap:var(--global-kb-gap-sm, 1rem);}.kadence-column1526_75ff74-09 > .kt-inside-inner-col{flex-direction:column;}.kadence-column1526_75ff74-09 > .kt-inside-inner-col > .aligncenter{width:100%;}.kadence-column1526_75ff74-09 > .kt-inside-inner-col:before{opacity:0.3;}.kadence-column1526_75ff74-09{position:relative;}@media all and (max-width: 1024px){.kadence-column1526_75ff74-09 > .kt-inside-inner-col{padding-left:0px;flex-direction:column;justify-content:center;}}@media all and (max-width: 767px){.kadence-column1526_75ff74-09 > .kt-inside-inner-col{padding-left:0px;flex-direction:column;justify-content:center;}}<\/style>\n<div class=\"wp-block-kadence-column kadence-column1526_75ff74-09\"><div class=\"kt-inside-inner-col\"><style>.wp-block-kadence-advancedheading.kt-adv-heading1526_3d7cd6-d2, .wp-block-kadence-advancedheading.kt-adv-heading1526_3d7cd6-d2[data-kb-block=\"kb-adv-heading1526_3d7cd6-d2\"]{font-style:normal;}.wp-block-kadence-advancedheading.kt-adv-heading1526_3d7cd6-d2 mark.kt-highlight, .wp-block-kadence-advancedheading.kt-adv-heading1526_3d7cd6-d2[data-kb-block=\"kb-adv-heading1526_3d7cd6-d2\"] mark.kt-highlight{font-style:normal;color:#f76a0c;-webkit-box-decoration-break:clone;box-decoration-break:clone;padding-top:0px;padding-right:0px;padding-bottom:0px;padding-left:0px;}.wp-block-kadence-advancedheading.kt-adv-heading1526_3d7cd6-d2 img.kb-inline-image, .wp-block-kadence-advancedheading.kt-adv-heading1526_3d7cd6-d2[data-kb-block=\"kb-adv-heading1526_3d7cd6-d2\"] img.kb-inline-image{width:150px;vertical-align:baseline;}<\/style>\n<h1 class=\"kt-adv-heading1526_3d7cd6-d2 h2 wp-block-kadence-advancedheading\" data-kb-block=\"kb-adv-heading1526_3d7cd6-d2\"><strong>Publicaciones<\/strong><\/h1>\n<\/div><\/div>\n\n\n<style>.kadence-column1526_5685c0-90 > .kt-inside-inner-col,.kadence-column1526_5685c0-90 > .kt-inside-inner-col:before{border-top-left-radius:0px;border-top-right-radius:0px;border-bottom-right-radius:0px;border-bottom-left-radius:0px;}.kadence-column1526_5685c0-90 > .kt-inside-inner-col{column-gap:var(--global-kb-gap-sm, 1rem);}.kadence-column1526_5685c0-90 > .kt-inside-inner-col{flex-direction:column;}.kadence-column1526_5685c0-90 > .kt-inside-inner-col > .aligncenter{width:100%;}.kadence-column1526_5685c0-90 > .kt-inside-inner-col:before{opacity:0.3;}.kadence-column1526_5685c0-90{position:relative;}@media all and (max-width: 1024px){.kadence-column1526_5685c0-90 > .kt-inside-inner-col{flex-direction:column;justify-content:center;}}@media all and (max-width: 767px){.kadence-column1526_5685c0-90 > .kt-inside-inner-col{padding-right:0px;padding-left:0px;flex-direction:column;justify-content:center;}}<\/style>\n<div class=\"wp-block-kadence-column kadence-column1526_5685c0-90 stopper\"><div class=\"kt-inside-inner-col\"><style>.wp-block-kadence-advancedheading.kt-adv-heading1526_4bdcae-b2, .wp-block-kadence-advancedheading.kt-adv-heading1526_4bdcae-b2[data-kb-block=\"kb-adv-heading1526_4bdcae-b2\"]{font-style:normal;}.wp-block-kadence-advancedheading.kt-adv-heading1526_4bdcae-b2 mark.kt-highlight, .wp-block-kadence-advancedheading.kt-adv-heading1526_4bdcae-b2[data-kb-block=\"kb-adv-heading1526_4bdcae-b2\"] mark.kt-highlight{font-style:normal;color:#f76a0c;-webkit-box-decoration-break:clone;box-decoration-break:clone;padding-top:0px;padding-right:0px;padding-bottom:0px;padding-left:0px;}.wp-block-kadence-advancedheading.kt-adv-heading1526_4bdcae-b2 img.kb-inline-image, .wp-block-kadence-advancedheading.kt-adv-heading1526_4bdcae-b2[data-kb-block=\"kb-adv-heading1526_4bdcae-b2\"] img.kb-inline-image{width:150px;vertical-align:baseline;}<\/style>\n<h2 class=\"kt-adv-heading1526_4bdcae-b2 h4 wp-block-kadence-advancedheading\" data-kb-block=\"kb-adv-heading1526_4bdcae-b2\">A lo largo de todos estos a\u00f1os, la producci\u00f3n de Simbiotiqa, tanto la te\u00f3rica (\u201cEscritos\u201d) como la pr\u00e1ctica (\u201cObra\u201d), se ha publicado en diversos medios, tanto f\u00edsicos como digitales.<\/h2>\n<\/div><\/div>\n\n<\/div><\/div><\/div><\/div>\n\n<\/div><\/div>\n\n<style>.kb-row-layout-wrap.wp-block-kadence-rowlayout.kb-row-layout-id1526_40a6dc-84{margin-top:0px;margin-bottom:0px;}.kb-row-layout-id1526_40a6dc-84 > .kt-row-column-wrap{align-content:start;}:where(.kb-row-layout-id1526_40a6dc-84 > .kt-row-column-wrap) > .wp-block-kadence-column{justify-content:start;}.kb-row-layout-id1526_40a6dc-84 > .kt-row-column-wrap{column-gap:var(--global-kb-gap-md, 2rem);row-gap:var(--global-kb-gap-md, 2rem);padding-top:110px;padding-bottom:0px;grid-template-columns:minmax(0, 1fr);}.kb-row-layout-id1526_40a6dc-84 > .kt-row-layout-overlay{opacity:0.30;}@media all and (max-width: 1024px){.kb-row-layout-id1526_40a6dc-84 > .kt-row-column-wrap{padding-top:60px;grid-template-columns:minmax(0, 1fr);}}@media all and (max-width: 767px){.kb-row-layout-id1526_40a6dc-84 > .kt-row-column-wrap{padding-top:55px;grid-template-columns:minmax(0, 1fr);}}<\/style><div class=\"kb-row-layout-wrap kb-row-layout-id1526_40a6dc-84 alignnone wp-block-kadence-rowlayout\"><div class=\"kt-row-column-wrap kt-has-1-columns kt-row-layout-equal kt-tab-layout-inherit kt-mobile-layout-row kt-row-valign-top\">\n<style>.kadence-column1526_27fdb8-3b > .kt-inside-inner-col,.kadence-column1526_27fdb8-3b > .kt-inside-inner-col:before{border-top-left-radius:0px;border-top-right-radius:0px;border-bottom-right-radius:0px;border-bottom-left-radius:0px;}.kadence-column1526_27fdb8-3b > .kt-inside-inner-col{column-gap:var(--global-kb-gap-sm, 1rem);}.kadence-column1526_27fdb8-3b > .kt-inside-inner-col{flex-direction:column;}.kadence-column1526_27fdb8-3b > .kt-inside-inner-col > .aligncenter{width:100%;}.kadence-column1526_27fdb8-3b > .kt-inside-inner-col:before{opacity:0.3;}.kadence-column1526_27fdb8-3b{position:relative;}@media all and (max-width: 1024px){.kadence-column1526_27fdb8-3b > .kt-inside-inner-col{flex-direction:column;justify-content:center;}}@media all and (max-width: 767px){.kadence-column1526_27fdb8-3b > .kt-inside-inner-col{flex-direction:column;justify-content:center;}}<\/style>\n<div class=\"wp-block-kadence-column kadence-column1526_27fdb8-3b\"><div class=\"kt-inside-inner-col\">\n<div class=\"wp-block-ultimate-post-post-grid-parent ultp-post-grid-parent grid--projectes\" data-postid=\"1526\" data-grids=\"[{&quot;blockId&quot;:&quot;38d3d8&quot;,&quot;name&quot;:&quot;ultimate-post_post-grid-1&quot;}]\" data-pagi=\"[&quot;ultp-block-a7bc18&quot;]\">\n<div class=\"wp-block-ultimate-post-advanced-filter ultp-block-817145 ultp-filter-block filtre\">\t\t\t<div class=\"ultp-block-b4d9bd-wrapper\" data-multiselect=\"true\"\t>\n\n\t\t\t\t\t\t\t\t\t\t\t\t\t<div class=\"ultp-block-b4d9bd ultp-filter-button wp-block-ultimate-post-filter-select\" role=\"button\" data-blockId=\"b4d9bd\" data-is-active=\"false\"  data-selected=\"_all\" data-type=\"category\">\n\t\t\t\t\tAll Categories\t\t\t\t<\/div>\n\t\t\t\t\t\t\t\t\t\t\t\t\t<div class=\"ultp-block-b4d9bd ultp-filter-button wp-block-ultimate-post-filter-select\" role=\"button\" data-blockId=\"b4d9bd\" data-is-active=\"false\"  data-selected=\"academia-es\" data-type=\"category\">\n\t\t\t\t\tAcademia (no marcar)\t\t\t\t<\/div>\n\t\t\t\t\t\t\t\t\t\t\t\t\t<div class=\"ultp-block-b4d9bd ultp-filter-button wp-block-ultimate-post-filter-select\" role=\"button\" data-blockId=\"b4d9bd\" data-is-active=\"false\"  data-selected=\"comunidades\" data-type=\"category\">\n\t\t\t\t\tComunidades\t\t\t\t<\/div>\n\t\t\t\t\t\t\t\t\t\t\t\t\t<div class=\"ultp-block-b4d9bd ultp-filter-button wp-block-ultimate-post-filter-select\" role=\"button\" data-blockId=\"b4d9bd\" data-is-active=\"false\"  data-selected=\"docencia-es\" data-type=\"category\">\n\t\t\t\t\tDocencia\t\t\t\t<\/div>\n\t\t\t\t\t\t\t\t\t\t\t\t\t<div class=\"ultp-block-b4d9bd ultp-filter-button wp-block-ultimate-post-filter-select\" role=\"button\" data-blockId=\"b4d9bd\" data-is-active=\"false\"  data-selected=\"ecosistemas\" data-type=\"category\">\n\t\t\t\t\tEcosistemas\t\t\t\t<\/div>\n\t\t\t\t\t\t\t\t\t\t\t\t\t<div class=\"ultp-block-b4d9bd ultp-filter-button wp-block-ultimate-post-filter-select\" role=\"button\" data-blockId=\"b4d9bd\" data-is-active=\"false\"  data-selected=\"escritos\" data-type=\"category\">\n\t\t\t\t\tEscritos\t\t\t\t<\/div>\n\t\t\t\t\t\t\t\t\t\t\t\t\t<div class=\"ultp-block-b4d9bd ultp-filter-button wp-block-ultimate-post-filter-select\" role=\"button\" data-blockId=\"b4d9bd\" data-is-active=\"false\"  data-selected=\"construcciones\" data-type=\"category\">\n\t\t\t\t\tH\u00e1bitats\t\t\t\t<\/div>\n\t\t\t\t\t\t\t\t\t\t\t\t\t<div class=\"ultp-block-b4d9bd ultp-filter-button wp-block-ultimate-post-filter-select\" role=\"button\" data-blockId=\"b4d9bd\" data-is-active=\"false\"  data-selected=\"investigacion\" data-type=\"category\">\n\t\t\t\t\tInvestigaci\u00f3n\t\t\t\t<\/div>\n\t\t\t\t\t\t\t\t\t\t\t\t\t<div class=\"ultp-block-b4d9bd ultp-filter-button wp-block-ultimate-post-filter-select\" role=\"button\" data-blockId=\"b4d9bd\" data-is-active=\"false\"  data-selected=\"noticias\" data-type=\"category\">\n\t\t\t\t\tNoticias\t\t\t\t<\/div>\n\t\t\t\t\t\t\t\t\t\t\t\t\t<div class=\"ultp-block-b4d9bd ultp-filter-button wp-block-ultimate-post-filter-select\" role=\"button\" data-blockId=\"b4d9bd\" data-is-active=\"false\"  data-selected=\"obra-es\" data-type=\"category\">\n\t\t\t\t\tObra\t\t\t\t<\/div>\n\t\t\t\t\t\t\t\t\t\t\t\t\t<div class=\"ultp-block-b4d9bd ultp-filter-button wp-block-ultimate-post-filter-select\" role=\"button\" data-blockId=\"b4d9bd\" data-is-active=\"false\"  data-selected=\"practica-es\" data-type=\"category\">\n\t\t\t\t\tPr\u00e1ctica (no marcar)\t\t\t\t<\/div>\n\t\t\t\t\t\t\t\t\t\t\t\t\t<div class=\"ultp-block-b4d9bd ultp-filter-button wp-block-ultimate-post-filter-select\" role=\"button\" data-blockId=\"b4d9bd\" data-is-active=\"false\"  data-selected=\"publicaciones\" data-type=\"category\">\n\t\t\t\t\tPublicaciones (no marcar)\t\t\t\t<\/div>\n\t\t\t\t\t\t\t<\/div>\n\t\t\t\t\n\n\t\t\t<div class=\"ultp-block-887dd2-wrapper\" data-multiselect=\"true\"\t>\n\n\t\t\t\t\t\t\t\t\t\t\t\t\t<div class=\"ultp-block-887dd2 ultp-filter-button wp-block-ultimate-post-filter-select\" role=\"button\" data-blockId=\"887dd2\" data-is-active=\"false\"  data-selected=\"_all\" data-type=\"category\">\n\t\t\t\t\tAll Categories\t\t\t\t<\/div>\n\t\t\t\t\t\t\t\t\t\t\t\t\t<div class=\"ultp-block-887dd2 ultp-filter-button wp-block-ultimate-post-filter-select\" role=\"button\" data-blockId=\"887dd2\" data-is-active=\"false\"  data-selected=\"academia-es\" data-type=\"category\">\n\t\t\t\t\tAcademia (no marcar)\t\t\t\t<\/div>\n\t\t\t\t\t\t\t\t\t\t\t\t\t<div class=\"ultp-block-887dd2 ultp-filter-button wp-block-ultimate-post-filter-select\" role=\"button\" data-blockId=\"887dd2\" data-is-active=\"false\"  data-selected=\"comunidades\" data-type=\"category\">\n\t\t\t\t\tComunidades\t\t\t\t<\/div>\n\t\t\t\t\t\t\t\t\t\t\t\t\t<div class=\"ultp-block-887dd2 ultp-filter-button wp-block-ultimate-post-filter-select\" role=\"button\" data-blockId=\"887dd2\" data-is-active=\"false\"  data-selected=\"docencia-es\" data-type=\"category\">\n\t\t\t\t\tDocencia\t\t\t\t<\/div>\n\t\t\t\t\t\t\t\t\t\t\t\t\t<div class=\"ultp-block-887dd2 ultp-filter-button wp-block-ultimate-post-filter-select\" role=\"button\" data-blockId=\"887dd2\" data-is-active=\"false\"  data-selected=\"ecosistemas\" data-type=\"category\">\n\t\t\t\t\tEcosistemas\t\t\t\t<\/div>\n\t\t\t\t\t\t\t\t\t\t\t\t\t<div class=\"ultp-block-887dd2 ultp-filter-button wp-block-ultimate-post-filter-select\" role=\"button\" data-blockId=\"887dd2\" data-is-active=\"false\"  data-selected=\"escritos\" data-type=\"category\">\n\t\t\t\t\tEscritos\t\t\t\t<\/div>\n\t\t\t\t\t\t\t\t\t\t\t\t\t<div class=\"ultp-block-887dd2 ultp-filter-button wp-block-ultimate-post-filter-select\" role=\"button\" data-blockId=\"887dd2\" data-is-active=\"false\"  data-selected=\"construcciones\" data-type=\"category\">\n\t\t\t\t\tH\u00e1bitats\t\t\t\t<\/div>\n\t\t\t\t\t\t\t\t\t\t\t\t\t<div class=\"ultp-block-887dd2 ultp-filter-button wp-block-ultimate-post-filter-select\" role=\"button\" data-blockId=\"887dd2\" data-is-active=\"false\"  data-selected=\"investigacion\" data-type=\"category\">\n\t\t\t\t\tInvestigaci\u00f3n\t\t\t\t<\/div>\n\t\t\t\t\t\t\t\t\t\t\t\t\t<div class=\"ultp-block-887dd2 ultp-filter-button wp-block-ultimate-post-filter-select\" role=\"button\" data-blockId=\"887dd2\" data-is-active=\"false\"  data-selected=\"noticias\" data-type=\"category\">\n\t\t\t\t\tNoticias\t\t\t\t<\/div>\n\t\t\t\t\t\t\t\t\t\t\t\t\t<div class=\"ultp-block-887dd2 ultp-filter-button wp-block-ultimate-post-filter-select\" role=\"button\" data-blockId=\"887dd2\" data-is-active=\"false\"  data-selected=\"obra-es\" data-type=\"category\">\n\t\t\t\t\tObra\t\t\t\t<\/div>\n\t\t\t\t\t\t\t\t\t\t\t\t\t<div class=\"ultp-block-887dd2 ultp-filter-button wp-block-ultimate-post-filter-select\" role=\"button\" data-blockId=\"887dd2\" data-is-active=\"false\"  data-selected=\"practica-es\" data-type=\"category\">\n\t\t\t\t\tPr\u00e1ctica (no marcar)\t\t\t\t<\/div>\n\t\t\t\t\t\t\t\t\t\t\t\t\t<div class=\"ultp-block-887dd2 ultp-filter-button wp-block-ultimate-post-filter-select\" role=\"button\" data-blockId=\"887dd2\" data-is-active=\"false\"  data-selected=\"publicaciones\" data-type=\"category\">\n\t\t\t\t\tPublicaciones (no marcar)\t\t\t\t<\/div>\n\t\t\t\t\t\t\t<\/div>\n\t\t\t\t<\/div>\n\n\n<div  class=\"ultp-post-grid-block wp-block-ultimate-post-post-grid-1 ultp-block-38d3d8\"><div class=\"ultp-block-wrapper\"><div class=\"ultp-loading\"><div class=\"ultp-loading-blocks\" style=\"width:100%;height:100%;\"><div style=\"left: 0;top: 0;animation-delay:0s;\"><\/div><div style=\"left: 21px;top: 0;animation-delay:0.125s;\"><\/div><div style=\"left: 42px;top: 0;animation-delay:0.25s;\"><\/div><div style=\"left: 0;top: 21px;animation-delay:0.875s;\"><\/div><div style=\"left: 42px;top: 21px;animation-delay:0.375s;\"><\/div><div style=\"left: 0;top: 42px;animation-delay:0.75s;\"><\/div><div style=\"left: 42px;top: 42px;animation-delay:0.625s;\"><\/div><div style=\"left: 21px;top: 42px;animation-delay:0.5s;\"><\/div><\/div><\/div><div class=\"ultp-block-items-wrap ultp-block-row ultp-pg1a-style1 ultp-grid1-responsive ultp-block-column-3 ultp-sm-column-2 ultp-xs-column-1 ultp-layout1\"><div class=\"ultp-block-item post-id-1383\"><div class=\"ultp-block-content-wrap\"><div class=\"ultp-block-image ultp-block-image-none\"><a href=\"https:\/\/simbiotiqa.com\/es\/el-croquis-219\/\" ><img decoding=\"async\"  loading=\"lazy\" class=\"ultp-block-image-content\"  alt=\"El Croquis 219\"  src=\"https:\/\/simbiotiqa.com\/wp-content\/uploads\/2025\/11\/00-croquis-219-870x570.webp\" \/><\/a><\/div><div class=\"ultp-block-content\"><h3 class=\"ultp-block-title \"><a href=\"https:\/\/simbiotiqa.com\/es\/el-croquis-219\/\" >El Croquis 219<\/a><\/h3><div class=\"ultp-dynamic-content-group-common ultp-dynamic-content-group-1763546002290\"><div class=\"ultp-dynamic-content-field-common ultp-dynamic-content-field-1763546002290\"><p class=\"ultp-dynamic-content-field-dc\">2023<\/p><\/div><\/div><\/div><\/div><\/div><div class=\"ultp-block-item post-id-1394\"><div class=\"ultp-block-content-wrap\"><div class=\"ultp-block-image ultp-block-image-none\"><a href=\"https:\/\/simbiotiqa.com\/es\/quaderns-273\/\" ><img decoding=\"async\"  loading=\"lazy\" class=\"ultp-block-image-content\"  alt=\"Quaderns 273\"  src=\"https:\/\/simbiotiqa.com\/wp-content\/uploads\/2025\/11\/00-quaderns-273-870x570.webp\" \/><\/a><\/div><div class=\"ultp-block-content\"><h3 class=\"ultp-block-title \"><a href=\"https:\/\/simbiotiqa.com\/es\/quaderns-273\/\" >Quaderns 273<\/a><\/h3><div class=\"ultp-dynamic-content-group-common ultp-dynamic-content-group-1763546002290\"><div class=\"ultp-dynamic-content-field-common ultp-dynamic-content-field-1763546002290\"><p class=\"ultp-dynamic-content-field-dc\">2022<\/p><\/div><\/div><\/div><\/div><\/div><div class=\"ultp-block-item post-id-1431\"><div class=\"ultp-block-content-wrap\"><div class=\"ultp-block-image ultp-block-image-none\"><a href=\"https:\/\/simbiotiqa.com\/es\/la-unidad\/\" ><img decoding=\"async\"  loading=\"lazy\" class=\"ultp-block-image-content\"  alt=\"La Unidad\"  src=\"https:\/\/simbiotiqa.com\/wp-content\/uploads\/2025\/11\/00-la-unidad-870x570.webp\" \/><\/a><\/div><div class=\"ultp-block-content\"><h3 class=\"ultp-block-title \"><a href=\"https:\/\/simbiotiqa.com\/es\/la-unidad\/\" >La Unidad<\/a><\/h3><div class=\"ultp-dynamic-content-group-common ultp-dynamic-content-group-1763546002290\"><div class=\"ultp-dynamic-content-field-common ultp-dynamic-content-field-1763546002290\"><p class=\"ultp-dynamic-content-field-dc\">2016<\/p><\/div><\/div><\/div><\/div><\/div><\/div><\/div><div class=\"pagination-block-html\" aria-hidden=\"true\" style=\"display: none;\"><div class=\"ultp-loadmore\"><\/div><\/div><\/div>\n\n\n<div class=\"wp-block-ultimate-post-post-pagination ultp-block-a7bc18 ultp-pagination-block ultp-pagination-wrap\"><div class=\"ultp-loadmore\"><a class=\"ultp-loadmore-action ultp-disable-editor-click\">Carrega m\u00e9s<\/a><\/div><\/div>\n<\/div>\n<\/div><\/div>\n\n<\/div><\/div>","protected":false},"excerpt":{"rendered":"<p>A lo largo de los a\u00f1os, las publicaciones te\u00f3ricas y pr\u00e1cticas de Simbiotiqa se han difundido en diversos medios f\u00edsicos y digitales.<\/p>\n","protected":false},"author":1,"featured_media":0,"parent":0,"menu_order":0,"comment_status":"closed","ping_status":"closed","template":"templates\/template-builder.php","meta":{"_acf_changed":false,"inline_featured_image":false,"_kad_blocks_custom_css":"","_kad_blocks_head_custom_js":"","_kad_blocks_body_custom_js":"","_kad_blocks_footer_custom_js":"","footnotes":""},"class_list":["post-1526","page","type-page","status-publish","hentry","post","without-featured-image"],"acf":[],"taxonomy_info":[],"featured_image_src_large":false,"author_info":{"display_name":"admin","author_link":"https:\/\/simbiotiqa.com\/es\/author\/ideadmin_7x7o1h5b\/"},"comment_info":0,"_links":{"self":[{"href":"https:\/\/simbiotiqa.com\/es\/wp-json\/wp\/v2\/pages\/1526","targetHints":{"allow":["GET"]}}],"collection":[{"href":"https:\/\/simbiotiqa.com\/es\/wp-json\/wp\/v2\/pages"}],"about":[{"href":"https:\/\/simbiotiqa.com\/es\/wp-json\/wp\/v2\/types\/page"}],"author":[{"embeddable":true,"href":"https:\/\/simbiotiqa.com\/es\/wp-json\/wp\/v2\/users\/1"}],"replies":[{"embeddable":true,"href":"https:\/\/simbiotiqa.com\/es\/wp-json\/wp\/v2\/comments?post=1526"}],"version-history":[{"count":5,"href":"https:\/\/simbiotiqa.com\/es\/wp-json\/wp\/v2\/pages\/1526\/revisions"}],"predecessor-version":[{"id":1896,"href":"https:\/\/simbiotiqa.com\/es\/wp-json\/wp\/v2\/pages\/1526\/revisions\/1896"}],"wp:attachment":[{"href":"https:\/\/simbiotiqa.com\/es\/wp-json\/wp\/v2\/media?parent=1526"}],"curies":[{"name":"wp","href":"https:\/\/api.w.org\/{rel}","templated":true}]}}