{"id":1592,"date":"2025-11-05T16:09:32","date_gmt":"2025-11-05T15:09:32","guid":{"rendered":"https:\/\/simbiotiqa.com\/contacte\/"},"modified":"2025-11-27T16:36:09","modified_gmt":"2025-11-27T15:36:09","slug":"contacto","status":"publish","type":"page","link":"https:\/\/simbiotiqa.com\/es\/contacto\/","title":{"rendered":"Contacto"},"content":{"rendered":"<style>.kb-row-layout-wrap.wp-block-kadence-rowlayout.kb-row-layout-id1592_8242ea-83{margin-top:0px;margin-bottom:0px;}.kb-row-layout-id1592_8242ea-83 > .kt-row-column-wrap{align-content:start;}:where(.kb-row-layout-id1592_8242ea-83 > .kt-row-column-wrap) > .wp-block-kadence-column{justify-content:start;}.kb-row-layout-id1592_8242ea-83 > .kt-row-column-wrap{column-gap:0px;row-gap:var(--global-kb-gap-md, 2rem);padding-top:0px;padding-bottom:0px;min-height:60vh;grid-template-columns:repeat(2, minmax(0, 1fr));}.kb-row-layout-id1592_8242ea-83 > .kt-row-layout-overlay{opacity:0.30;}@media all and (max-width: 1024px){.kb-row-layout-id1592_8242ea-83 > .kt-row-column-wrap{row-gap:30px;grid-template-columns:minmax(0, 1fr);}}@media all and (max-width: 767px){.kb-row-layout-id1592_8242ea-83 > .kt-row-column-wrap{row-gap:25px;padding-top:0px;grid-template-columns:minmax(0, 1fr);}}<\/style><div class=\"kb-row-layout-wrap kb-row-layout-id1592_8242ea-83 alignfull header--home wp-block-kadence-rowlayout\"><div class=\"kt-row-column-wrap kt-has-2-columns kt-row-layout-equal kt-tab-layout-row kt-mobile-layout-row kt-row-valign-top\">\n<style>.kadence-column1592_7c9360-33 > .kt-inside-inner-col{padding-top:60px;padding-right:60px;padding-left:60px;}.kadence-column1592_7c9360-33 > .kt-inside-inner-col,.kadence-column1592_7c9360-33 > .kt-inside-inner-col:before{border-top-left-radius:0px;border-top-right-radius:0px;border-bottom-right-radius:0px;border-bottom-left-radius:0px;}.kadence-column1592_7c9360-33 > .kt-inside-inner-col{column-gap:var(--global-kb-gap-sm, 1rem);}.kadence-column1592_7c9360-33 > .kt-inside-inner-col{flex-direction:column;}.kadence-column1592_7c9360-33 > .kt-inside-inner-col > .aligncenter{width:100%;}.kadence-column1592_7c9360-33 > .kt-inside-inner-col:before{opacity:0.3;}.kadence-column1592_7c9360-33{position:relative;}@media all and (max-width: 1024px){.kadence-column1592_7c9360-33 > .kt-inside-inner-col{padding-top:0px;padding-right:40px;padding-left:40px;flex-direction:column;justify-content:center;}}@media all and (max-width: 1024px){.kadence-column1592_7c9360-33, .kt-inside-inner-col > .kadence-column1592_7c9360-33:not(.specificity){margin-top:5px;}}@media all and (max-width: 767px){.kadence-column1592_7c9360-33 > .kt-inside-inner-col{padding-top:0px;padding-right:20px;padding-left:20px;flex-direction:column;justify-content:center;}.kadence-column1592_7c9360-33, .kt-inside-inner-col > .kadence-column1592_7c9360-33:not(.specificity){margin-top:0px;}}<\/style>\n<div class=\"wp-block-kadence-column kadence-column1592_7c9360-33\"><div class=\"kt-inside-inner-col\"><style>.wp-block-kadence-advancedheading.kt-adv-heading1592_6a26cf-b8, .wp-block-kadence-advancedheading.kt-adv-heading1592_6a26cf-b8[data-kb-block=\"kb-adv-heading1592_6a26cf-b8\"]{padding-right:60px;font-style:normal;}.wp-block-kadence-advancedheading.kt-adv-heading1592_6a26cf-b8 mark.kt-highlight, .wp-block-kadence-advancedheading.kt-adv-heading1592_6a26cf-b8[data-kb-block=\"kb-adv-heading1592_6a26cf-b8\"] mark.kt-highlight{font-style:normal;color:#f76a0c;-webkit-box-decoration-break:clone;box-decoration-break:clone;padding-top:0px;padding-right:0px;padding-bottom:0px;padding-left:0px;}.wp-block-kadence-advancedheading.kt-adv-heading1592_6a26cf-b8 img.kb-inline-image, .wp-block-kadence-advancedheading.kt-adv-heading1592_6a26cf-b8[data-kb-block=\"kb-adv-heading1592_6a26cf-b8\"] img.kb-inline-image{width:150px;vertical-align:baseline;}@media all and (max-width: 1024px){.wp-block-kadence-advancedheading.kt-adv-heading1592_6a26cf-b8, .wp-block-kadence-advancedheading.kt-adv-heading1592_6a26cf-b8[data-kb-block=\"kb-adv-heading1592_6a26cf-b8\"]{padding-right:0px;padding-bottom:0px;}}@media all and (max-width: 767px){.wp-block-kadence-advancedheading.kt-adv-heading1592_6a26cf-b8, .wp-block-kadence-advancedheading.kt-adv-heading1592_6a26cf-b8[data-kb-block=\"kb-adv-heading1592_6a26cf-b8\"]{padding-right:0px;padding-bottom:0px;}}<\/style>\n<h1 class=\"kt-adv-heading1592_6a26cf-b8 h2 wp-block-kadence-advancedheading\" data-kb-block=\"kb-adv-heading1592_6a26cf-b8\">Contacto<\/h1>\n\n\n\n<div class=\"wp-block-getwid-advanced-spacer getwid-hide-tablet getwid-hide-mobile\" style=\"height:65px\" aria-hidden=\"true\"><\/div>\n\n\n<style>.wp-block-kadence-spacer.kt-block-spacer-1592_e06a2e-a0 .kt-block-spacer{height:6px;}.wp-block-kadence-spacer.kt-block-spacer-1592_e06a2e-a0 .kt-divider{border-top-width:1px;height:1px;border-top-color:#000000;width:100%;border-top-style:solid;}<\/style>\n<div class=\"wp-block-kadence-spacer aligncenter kt-block-spacer-1592_e06a2e-a0 kvs-md-false kvs-sm-false\"><div class=\"kt-block-spacer kt-block-spacer-halign-left\"><hr class=\"kt-divider\"\/><\/div><\/div>\n\n\n\n<p><strong>Oficinas:<\/strong><br>c\/ Mil\u00e0 i Fontanals 45, 08012 Barcelona<br>c\/ Forma Nou 42, 07712 Ma\u00f3, Menorca<\/p>\n\n\n\n<p><strong>Tel\u00e9fono:<\/strong> +34 680 194 081<br><strong>Correo electr\u00f3nico:<\/strong> <a href=\"mailto:fv@simbiotiqa.com\">fv@simbiotiqa.com<\/a><\/p>\n\n\n\n<p><strong>Horari d\u2019atenci\u00f3:<\/strong><br>De lunes a viernes de 09:30 a 11:30 h. y de 15:30 a 17:30 h.<\/p>\n<\/div><\/div>\n\n\n<style>.kadence-column1592_730c1f-c3 > .kt-inside-inner-col{padding-top:70px;padding-right:60px;padding-bottom:0px;padding-left:60px;}.kadence-column1592_730c1f-c3 > .kt-inside-inner-col{border-left:2px solid #000000;}.kadence-column1592_730c1f-c3 > .kt-inside-inner-col,.kadence-column1592_730c1f-c3 > .kt-inside-inner-col:before{border-top-left-radius:0px;border-top-right-radius:0px;border-bottom-right-radius:0px;border-bottom-left-radius:0px;}.kadence-column1592_730c1f-c3 > .kt-inside-inner-col{column-gap:var(--global-kb-gap-sm, 1rem);}.kadence-column1592_730c1f-c3 > .kt-inside-inner-col{flex-direction:column;}.kadence-column1592_730c1f-c3 > .kt-inside-inner-col > .aligncenter{width:100%;}.kadence-column1592_730c1f-c3 > .kt-inside-inner-col:before{opacity:0.3;}.kadence-column1592_730c1f-c3{position:relative;}.kadence-column1592_730c1f-c3, .kt-inside-inner-col > .kadence-column1592_730c1f-c3:not(.specificity){margin-top:0px;margin-bottom:0px;}@media all and (max-width: 1024px){.kadence-column1592_730c1f-c3 > .kt-inside-inner-col{padding-top:0px;padding-right:40px;padding-left:40px;border-top:2px solid #000000;border-left:0px solid #000000;flex-direction:column;justify-content:center;}}@media all and (max-width: 767px){.kadence-column1592_730c1f-c3 > .kt-inside-inner-col{padding-top:0px;padding-right:20px;padding-left:20px;border-top:2px solid #000000;border-left:0px solid #000000;flex-direction:column;justify-content:center;}}<\/style>\n<div class=\"wp-block-kadence-column kadence-column1592_730c1f-c3\"><div class=\"kt-inside-inner-col\"><style>.wp-block-kadence-advancedheading.kt-adv-heading1592_b73f0a-00, .wp-block-kadence-advancedheading.kt-adv-heading1592_b73f0a-00[data-kb-block=\"kb-adv-heading1592_b73f0a-00\"]{font-style:normal;}.wp-block-kadence-advancedheading.kt-adv-heading1592_b73f0a-00 mark.kt-highlight, .wp-block-kadence-advancedheading.kt-adv-heading1592_b73f0a-00[data-kb-block=\"kb-adv-heading1592_b73f0a-00\"] mark.kt-highlight{font-style:normal;color:#f76a0c;-webkit-box-decoration-break:clone;box-decoration-break:clone;padding-top:0px;padding-right:0px;padding-bottom:0px;padding-left:0px;}.wp-block-kadence-advancedheading.kt-adv-heading1592_b73f0a-00 img.kb-inline-image, .wp-block-kadence-advancedheading.kt-adv-heading1592_b73f0a-00[data-kb-block=\"kb-adv-heading1592_b73f0a-00\"] img.kb-inline-image{width:150px;vertical-align:baseline;}<\/style>\n<h2 class=\"kt-adv-heading1592_b73f0a-00 h4 wp-block-kadence-advancedheading\" data-kb-block=\"kb-adv-heading1592_b73f0a-00\">Consulta en l\u00ednea<\/h2>\n\n\n\n<p>No dudes en ponerte en contacto con nosotros en cualquier momento. Estaremos encantados de ayudarte.<\/p>\n\n\n\n<div class=\"wp-block-getwid-advanced-spacer getwid-hide-mobile\" style=\"height:30px\" aria-hidden=\"true\"><\/div>\n\n\n\n<div class=\"wpcf7 no-js\" id=\"wpcf7-f1584-o1\" lang=\"es-ES\" dir=\"ltr\" data-wpcf7-id=\"1584\">\n<div class=\"screen-reader-response\"><p role=\"status\" aria-live=\"polite\" aria-atomic=\"true\"><\/p> <ul><\/ul><\/div>\n<form action=\"\/es\/wp-json\/wp\/v2\/pages\/1592#wpcf7-f1584-o1\" method=\"post\" class=\"wpcf7-form init\" aria-label=\"Formulario de contacto\" novalidate=\"novalidate\" data-status=\"init\">\n<fieldset class=\"hidden-fields-container\"><input type=\"hidden\" name=\"_wpcf7\" value=\"1584\" \/><input type=\"hidden\" name=\"_wpcf7_version\" value=\"6.1.5\" \/><input type=\"hidden\" name=\"_wpcf7_locale\" value=\"es_ES\" \/><input type=\"hidden\" name=\"_wpcf7_unit_tag\" value=\"wpcf7-f1584-o1\" \/><input type=\"hidden\" name=\"_wpcf7_container_post\" value=\"0\" \/><input type=\"hidden\" name=\"_wpcf7_posted_data_hash\" value=\"\" \/><input type=\"hidden\" name=\"_wpcf7_recaptcha_response\" value=\"\" \/>\n<\/fieldset>\n<p>\t\t<div id=\"cf7md-form\" class=\"cf7md-form\">\n\t\t\t<div class=\"mdc-layout-grid\">\n\t\t\t\t<div class=\"mdc-layout-grid__inner\">\n\t\t\t\t\t\t\t\t\t\t\n<\/p>\n\t\t\n\t\t<div class=\"cf7md-item cf7md-text mdc-layout-grid__cell mdc-layout-grid__cell--span-12-desktop mdc-layout-grid__cell--span-8-tablet mdc-layout-grid__cell--span-4-phone\">\n\t\t\t<br \/>\n<span class=\"wpcf7-form-control-wrap\" data-name=\"nom-cognoms\"><input size=\"40\" maxlength=\"400\" class=\"wpcf7-form-control wpcf7-text wpcf7-validates-as-required\" id=\"nom-cognoms\" aria-required=\"true\" aria-invalid=\"false\" value=\"\" type=\"text\" name=\"nom-cognoms\" \/><\/span><br \/>\n\t\t\t\t\t\t<div style=\"display: none;\" class=\"cf7md-text-html\">\n\t\t\t\t<div class=\"mdc-text-field \">\n\t\t\t\t\t\n\t\t\t\t\t\t\t\t\t\t\t<label class=\"mdc-floating-label\">Nombre y apellidos<\/label>\n\t\t\t\t\t\t<div class=\"mdc-line-ripple\"><\/div>\n\t\t\t\t\t\t\t\t\t<\/div>\n\t\t\t<\/div>\n\t\t<\/div>\n\t\t\n\t\t\n\t\t<div class=\"cf7md-item cf7md-text mdc-layout-grid__cell mdc-layout-grid__cell--span-12-desktop mdc-layout-grid__cell--span-8-tablet mdc-layout-grid__cell--span-4-phone\">\n\t\t\t<br \/>\n<span class=\"wpcf7-form-control-wrap\" data-name=\"correu-electronic\"><input size=\"40\" maxlength=\"400\" class=\"wpcf7-form-control wpcf7-email wpcf7-validates-as-required wpcf7-text wpcf7-validates-as-email\" id=\"correu-electronic\" aria-required=\"true\" aria-invalid=\"false\" value=\"\" type=\"email\" name=\"correu-electronic\" \/><\/span><br \/>\n\t\t\t\t\t\t<div style=\"display: none;\" class=\"cf7md-text-html\">\n\t\t\t\t<div class=\"mdc-text-field \">\n\t\t\t\t\t\n\t\t\t\t\t\t\t\t\t\t\t<label class=\"mdc-floating-label\">Correo electr\u00f3nico<\/label>\n\t\t\t\t\t\t<div class=\"mdc-line-ripple\"><\/div>\n\t\t\t\t\t\t\t\t\t<\/div>\n\t\t\t<\/div>\n\t\t<\/div>\n\t\t\n\t\t\n\t\t<div class=\"cf7md-item cf7md-text mdc-layout-grid__cell mdc-layout-grid__cell--span-12-desktop mdc-layout-grid__cell--span-8-tablet mdc-layout-grid__cell--span-4-phone\">\n\t\t\t<br \/>\n<span class=\"wpcf7-form-control-wrap\" data-name=\"telefon\"><input size=\"40\" maxlength=\"400\" class=\"wpcf7-form-control wpcf7-tel wpcf7-validates-as-required wpcf7-text wpcf7-validates-as-tel\" id=\"telefon\" aria-required=\"true\" aria-invalid=\"false\" value=\"\" type=\"tel\" name=\"telefon\" \/><\/span><br \/>\n\t\t\t\t\t\t<div style=\"display: none;\" class=\"cf7md-text-html\">\n\t\t\t\t<div class=\"mdc-text-field \">\n\t\t\t\t\t\n\t\t\t\t\t\t\t\t\t\t\t<label class=\"mdc-floating-label\">Tel\u00e9fono<\/label>\n\t\t\t\t\t\t<div class=\"mdc-line-ripple\"><\/div>\n\t\t\t\t\t\t\t\t\t<\/div>\n\t\t\t<\/div>\n\t\t<\/div>\n\t\t\n\n\t\t<div class=\"cf7md-item cf7md-textarea mdc-layout-grid__cell mdc-layout-grid__cell--span-12-desktop mdc-layout-grid__cell--span-8-tablet mdc-layout-grid__cell--span-4-phone cf7md-textarea-autosize\">\n\t\t\t<br \/>\n<span class=\"wpcf7-form-control-wrap\" data-name=\"consulta\"><textarea cols=\"40\" rows=\"10\" maxlength=\"2000\" class=\"wpcf7-form-control wpcf7-textarea wpcf7-validates-as-required\" id=\"consulta\" aria-required=\"true\" aria-invalid=\"false\" name=\"consulta\"><\/textarea><\/span><br \/>\n\t\t\t\t\t\t<div style=\"display: none;\" class=\"cf7md-text-html\">\n\t\t\t\t<div class=\"mdc-text-field  mdc-text-field--textarea\">\n\t\t\t\t\t\t\t\t\t\t<div class=\"mdc-notched-outline\">\n\t\t\t\t\t\t<div class=\"mdc-notched-outline__leading\"><\/div>\n\t\t\t\t\t\t<div class=\"mdc-notched-outline__notch\">\n\t\t\t\t\t\t\t<label class=\"mdc-floating-label\">Motivo de la consulta<\/label>\n\t\t\t\t\t\t<\/div>\n\t\t\t\t\t\t<div class=\"mdc-notched-outline__trailing\"><\/div>\n\t\t\t\t\t<\/div>\n\t\t\t\t<\/div>\n\t\t\t<\/div>\n\t\t<\/div>\n\t\t\n\t\t<div class=\"cf7md-item cf7md-accept cf7md-is-wpcf7v5 mdc-layout-grid__cell mdc-layout-grid__cell--span-12-desktop mdc-layout-grid__cell--span-8-tablet mdc-layout-grid__cell--span-4-phone\">\n\t\t\t\t\t\t<br \/>\n<span class=\"wpcf7-form-control-wrap\" data-name=\"acceptacio\"><span class=\"wpcf7-form-control wpcf7-acceptance\"><span class=\"wpcf7-list-item\"><label><input type=\"checkbox\" name=\"acceptacio\" value=\"1\" aria-invalid=\"false\" \/><span class=\"wpcf7-list-item-label\"><strong>Consiento el tratamiento de mis datos.<\/strong> Simbiotiqa tratar\u00e1 tus datos con la finalidad de responder a tus consultas, dudas o reclamaciones. Puedes ejercer los derechos de acceso, rectificaci\u00f3n, supresi\u00f3n, portabilidad, limitaci\u00f3n y oposici\u00f3n, tal y como te informamos en nuestra <a href=\"https:\/\/simbiotiqa.com\/es\/politica-de-privacitat\/\" target=\"_blank\">Pol\u00edtica de Privacidad<\/a> y en nuestro <a href=\"https:\/\/simbiotiqa.com\/es\/aviso-legal\/\" target=\"_blank\">Aviso Legal<\/a>.<\/span><\/label><\/span><\/span><\/span><br \/>\n\t\t\t<label class=\"cf7md-accept-label\"><\/label>\n\t\t\t<div style=\"display: none;\" class=\"cf7md-checkbox-html\">\n\t\t\t\t<div class=\"mdc-checkbox__background\">\n\t\t\t\t\t<svg class=\"mdc-checkbox__checkmark\" viewBox=\"0 0 24 24\">\n\t\t\t\t\t\t<path class=\"mdc-checkbox__checkmark-path\" fill=\"none\" d=\"M1.73,12.91 8.1,19.28 22.79,4.59\"\/>\n\t\t\t\t\t<\/svg>\n\t\t\t\t\t<div class=\"mdc-checkbox__mixedmark\"><\/div>\n\t\t\t\t<\/div>\n\t\t\t<\/div>\n\t\t\t\t\t<\/div>\n\t\t\n\t\t<div class=\"cf7md-item cf7md-submit mdc-layout-grid__cell mdc-layout-grid__cell--span-12-desktop mdc-layout-grid__cell--span-8-tablet mdc-layout-grid__cell--span-4-phone\" data-button-style=\"raised\">\n\t\t\t<br \/>\n<input class=\"wpcf7-form-control wpcf7-submit has-spinner\" type=\"submit\" value=\"Envia la teva consulta\" \/><br \/>\n\t\t\t<svg class=\"cf7md-spinner\" width=\"25px\" height=\"25px\" viewBox=\"0 0 66 66\" xmlns=\"http:\/\/www.w3.org\/2000\/svg\">\n\t\t\t\t<circle class=\"cf7md-spinner-path\" fill=\"none\" stroke-width=\"6\" stroke-linecap=\"round\" cx=\"33\" cy=\"33\" r=\"30\"><\/circle>\n\t\t\t<\/svg>\n\t\t<\/div>\n\t\t\n\t\t\t\t\t\t\t\t\t<\/div>\n\t\t\t<\/div>\n\t\t<\/div>\n\t\t\n<\/p><div class=\"wpcf7-response-output\" aria-hidden=\"true\"><\/div>\n<\/form>\n<\/div>\n\n<\/div><\/div>\n\n<\/div><\/div>","protected":false},"excerpt":{"rendered":"<p>No dudes en ponerte en contacto con nosotros en cualquier momento. Estaremos encantados de ayudarte.<\/p>\n","protected":false},"author":1,"featured_media":0,"parent":0,"menu_order":0,"comment_status":"closed","ping_status":"closed","template":"templates\/template-builder.php","meta":{"_acf_changed":false,"inline_featured_image":false,"_kad_blocks_custom_css":"","_kad_blocks_head_custom_js":"","_kad_blocks_body_custom_js":"","_kad_blocks_footer_custom_js":"","footnotes":""},"class_list":["post-1592","page","type-page","status-publish","hentry","post","without-featured-image"],"acf":[],"taxonomy_info":[],"featured_image_src_large":false,"author_info":{"display_name":"admin","author_link":"https:\/\/simbiotiqa.com\/es\/author\/ideadmin_7x7o1h5b\/"},"comment_info":0,"_links":{"self":[{"href":"https:\/\/simbiotiqa.com\/es\/wp-json\/wp\/v2\/pages\/1592","targetHints":{"allow":["GET"]}}],"collection":[{"href":"https:\/\/simbiotiqa.com\/es\/wp-json\/wp\/v2\/pages"}],"about":[{"href":"https:\/\/simbiotiqa.com\/es\/wp-json\/wp\/v2\/types\/page"}],"author":[{"embeddable":true,"href":"https:\/\/simbiotiqa.com\/es\/wp-json\/wp\/v2\/users\/1"}],"replies":[{"embeddable":true,"href":"https:\/\/simbiotiqa.com\/es\/wp-json\/wp\/v2\/comments?post=1592"}],"version-history":[{"count":1,"href":"https:\/\/simbiotiqa.com\/es\/wp-json\/wp\/v2\/pages\/1592\/revisions"}],"predecessor-version":[{"id":1594,"href":"https:\/\/simbiotiqa.com\/es\/wp-json\/wp\/v2\/pages\/1592\/revisions\/1594"}],"wp:attachment":[{"href":"https:\/\/simbiotiqa.com\/es\/wp-json\/wp\/v2\/media?parent=1592"}],"curies":[{"name":"wp","href":"https:\/\/api.w.org\/{rel}","templated":true}]}}